{"id":994,"date":"2021-05-07T11:10:18","date_gmt":"2021-05-07T11:10:18","guid":{"rendered":"http:\/\/qsms.bme.hu\/?page_id=994"},"modified":"2021-05-07T16:04:42","modified_gmt":"2021-05-07T16:04:42","slug":"cabau","status":"publish","type":"page","link":"https:\/\/qsms.bme.hu\/index.php\/cabau\/","title":{"rendered":"No\u00e9mie Cabau"},"content":{"rendered":"<p><a href=\"#contact\">Contact<\/a>\u00a0 \u00a0 \u00a0 \u00a0 \u00a0<a href=\"#resint\">Interests<\/a>\u00a0 \u00a0 \u00a0 \u00a0 <a href=\"#wip\">Work in progress<\/a><\/p>\n<p><img loading=\"lazy\" decoding=\"async\" class=\"wp-image-1090 size-medium alignright\" src=\"http:\/\/qsms.bme.hu\/wp-content\/uploads\/2021\/05\/IMG-3085-290x300.jpg\" alt=\"\" width=\"290\" height=\"300\" srcset=\"https:\/\/qsms.bme.hu\/wp-content\/uploads\/2021\/05\/IMG-3085-290x300.jpg 290w, https:\/\/qsms.bme.hu\/wp-content\/uploads\/2021\/05\/IMG-3085-990x1024.jpg 990w, https:\/\/qsms.bme.hu\/wp-content\/uploads\/2021\/05\/IMG-3085-768x794.jpg 768w, https:\/\/qsms.bme.hu\/wp-content\/uploads\/2021\/05\/IMG-3085-1485x1536.jpg 1485w, https:\/\/qsms.bme.hu\/wp-content\/uploads\/2021\/05\/IMG-3085-1200x1241.jpg 1200w, https:\/\/qsms.bme.hu\/wp-content\/uploads\/2021\/05\/IMG-3085.jpg 1926w\" sizes=\"auto, (max-width: 290px) 85vw, 290px\" \/><\/p>\n<div class=\"moduletable\">\n<div class=\"contact04\">\n<p>Noemie Cabau is a post-doctoral researcher at QSMS Research Group, Budapest Universiy of Technology and Economics. She completed her Ph.D. in September 2020, under the supervision of Sidartha Gordon (Universite PSL Paris Dauphine) and Ming Li (Concordia University, Montreal).<\/p>\n<p>&gt;&gt;<a href=\"https:\/\/www.dropbox.com\/sh\/py2n3jzfcqj63zk\/AADt_oZxRnPlJ__q46WE8heKa?dl=0\">download_CV<\/a><\/p>\n<\/div>\n<\/div>\n<h5 id=\"contact\">Contact details<\/h5>\n<p>QA325 Quantitative Social and Management Sciences Research Group Faculty of Economic and Social Sciences, Budapest University of Technology and Economics, BME Building Q, Magyar tud\u00f3sok k\u00f6r\u00fatja 2, H-1117, Budapest, Hungary.<\/p>\n<p>E-mail: <a href=\"mailto:cabau.noemie@gtk.bme.hu\">cabau.noemie@gtk.bme.hu<\/a><\/p>\n<h5 id=\"resint\">Research interests<\/h5>\n<div class=\"col-lg-4\">\n<div class=\"contact01\">\n<p style=\"font-weight: 400;\">Network formation games, strategic communication, game theory.<\/p>\n<\/div>\n<\/div>\n<h5 id=\"wip\" style=\"font-weight: 400;\"><strong>Papers under Review<\/strong><\/h5>\n<ul style=\"font-weight: 400;\">\n<li>A non-cooperative game of network formation with pro-social players<\/li>\n<\/ul>\n<h5 style=\"font-weight: 400;\"><strong>Working Papers<\/strong><\/h5>\n<ul style=\"font-weight: 400;\">\n<li><strong>Asymmetric Information in Markets for Pharmaceuticals, International Price Referencing and Secret Rebates (<\/strong>with S.Gordon PSL University Paris Dauphine<strong>)<\/strong><\/li>\n<\/ul>\n<ul style=\"font-weight: 400;\">\n<li>\n<p><strong>Secret Rebates and List Prices in Negotiations between Countries and Pharmaceutical Firms<\/strong> <strong>(<\/strong>with S.Gordon PSL University Paris Dauphine<strong>)<\/strong><\/p>\n<\/li>\n<\/ul>\n<ul style=\"font-weight: 400;\">\n<li><b>Polarization in experts&#8217; recommendations <\/b>(with M.Li Concordia University)<\/li>\n<\/ul>\n\n\n<p><\/p>\n","protected":false},"excerpt":{"rendered":"<p>Contact\u00a0 \u00a0 \u00a0 \u00a0 \u00a0Interests\u00a0 \u00a0 \u00a0 \u00a0 Work in progress Noemie Cabau is a post-doctoral researcher at QSMS Research Group, Budapest Universiy of Technology and Economics. She completed her Ph.D. in September 2020, under the supervision of Sidartha Gordon (Universite PSL Paris Dauphine) and Ming Li (Concordia University, Montreal). &gt;&gt;download_CV Contact details QA325 Quantitative &hellip; <a href=\"https:\/\/qsms.bme.hu\/index.php\/cabau\/\" class=\"more-link\">Continue reading<span class=\"screen-reader-text\"> &#8220;No\u00e9mie Cabau&#8221;<\/span><\/a><\/p>\n","protected":false},"author":2,"featured_media":0,"parent":0,"menu_order":0,"comment_status":"closed","ping_status":"closed","template":"","meta":{"footnotes":""},"class_list":["post-994","page","type-page","status-publish","hentry"],"_links":{"self":[{"href":"https:\/\/qsms.bme.hu\/index.php\/wp-json\/wp\/v2\/pages\/994","targetHints":{"allow":["GET"]}}],"collection":[{"href":"https:\/\/qsms.bme.hu\/index.php\/wp-json\/wp\/v2\/pages"}],"about":[{"href":"https:\/\/qsms.bme.hu\/index.php\/wp-json\/wp\/v2\/types\/page"}],"author":[{"embeddable":true,"href":"https:\/\/qsms.bme.hu\/index.php\/wp-json\/wp\/v2\/users\/2"}],"replies":[{"embeddable":true,"href":"https:\/\/qsms.bme.hu\/index.php\/wp-json\/wp\/v2\/comments?post=994"}],"version-history":[{"count":3,"href":"https:\/\/qsms.bme.hu\/index.php\/wp-json\/wp\/v2\/pages\/994\/revisions"}],"predecessor-version":[{"id":1096,"href":"https:\/\/qsms.bme.hu\/index.php\/wp-json\/wp\/v2\/pages\/994\/revisions\/1096"}],"wp:attachment":[{"href":"https:\/\/qsms.bme.hu\/index.php\/wp-json\/wp\/v2\/media?parent=994"}],"curies":[{"name":"wp","href":"https:\/\/api.w.org\/{rel}","templated":true}]}}