{"id":84,"date":"2018-10-05T11:35:06","date_gmt":"2018-10-05T11:35:06","guid":{"rendered":"http:\/\/qsms.mokk.bme.hu\/?page_id=84"},"modified":"2018-10-14T22:39:21","modified_gmt":"2018-10-14T22:39:21","slug":"zilahy","status":"publish","type":"page","link":"https:\/\/qsms.bme.hu\/index.php\/zilahy\/","title":{"rendered":"Gyula Zilahy"},"content":{"rendered":"<p><a href=\"#contact\">Contact<\/a>\u00a0 \u00a0 \u00a0 \u00a0 \u00a0<a href=\"#resint\">Interests<\/a>\u00a0 \u00a0 \u00a0 \u00a0 \u00a0 \u00a0<a href=\"#selpub\">Publications<\/a>\u00a0 \u00a0 \u00a0 \u00a0 \u00a0 \u00a0 \u00a0<a href=\"#phd\">Ph.D. students<\/a>\u00a0 \u00a0 \u00a0 \u00a0 \u00a0 <a href=\"#respro\">Projects for students<\/a><\/p>\n<p><img loading=\"lazy\" decoding=\"async\" class=\"size-medium wp-image-105 alignleft\" src=\"https:\/\/qsms.bme.hu\/wp-content\/uploads\/2018\/10\/zilahy-gyula-240x300.jpg\" alt=\"\" width=\"240\" height=\"300\" \/><\/p>\n<p>&nbsp;<\/p>\n<p>&nbsp;<\/p>\n<p>&nbsp;<\/p>\n<p>&gt;&gt;<a href=\"http:\/\/www.kornygazd.bme.hu\/assets\/cv\/CV_Zilahy_EN.pdf\" target=\"_blank\" rel=\"attachment noopener wp-att-140\">download_CV<\/a><\/p>\n<p>&nbsp;<\/p>\n<p>&nbsp;<\/p>\n<p><a href=\"http:\/\/www.kornygazd.bme.hu\/en\/munkatarsak\/dr-zilahy-gyula\"><img loading=\"lazy\" decoding=\"async\" class=\"alignleft wp-image-198\" src=\"https:\/\/qsms.bme.hu\/wp-content\/uploads\/2018\/10\/globe-300x300.png\" alt=\"\" width=\"25\" height=\"25\" srcset=\"https:\/\/qsms.bme.hu\/wp-content\/uploads\/2018\/10\/globe-300x300.png 300w, https:\/\/qsms.bme.hu\/wp-content\/uploads\/2018\/10\/globe-150x150.png 150w, https:\/\/qsms.bme.hu\/wp-content\/uploads\/2018\/10\/globe.png 768w\" sizes=\"auto, (max-width: 25px) 85vw, 25px\" \/><\/a><a href=\"https:\/\/vm.mtmt.hu\/\/search\/slist.php?nwi=1&amp;inited=1&amp;ty_on=1&amp;url_on=1&amp;cite_type=2&amp;orderby=3D1a&amp;location=mtmt&amp;stn=1&amp;AuthorID=10020343\" rel=\"attachment wp-att-150\"><img loading=\"lazy\" decoding=\"async\" class=\"alignleft wp-image-150 \" src=\"https:\/\/qsms.bme.hu\/wp-content\/uploads\/2018\/10\/mtmt1-300x300.png\" alt=\"\" width=\"25\" height=\"25\" srcset=\"https:\/\/qsms.bme.hu\/wp-content\/uploads\/2018\/10\/mtmt1-300x300.png 300w, https:\/\/qsms.bme.hu\/wp-content\/uploads\/2018\/10\/mtmt1-150x150.png 150w, https:\/\/qsms.bme.hu\/wp-content\/uploads\/2018\/10\/mtmt1.png 351w\" sizes=\"auto, (max-width: 25px) 85vw, 25px\" \/><\/a><a href=\"https:\/\/www.linkedin.com\/in\/gyula-zilahy-b0b86a20\/\"><img loading=\"lazy\" decoding=\"async\" class=\"size-full wp-image-267 alignleft\" src=\"https:\/\/qsms.bme.hu\/wp-content\/uploads\/2018\/10\/linkedin25.jpg\" alt=\"\" width=\"25\" height=\"25\" \/><\/a><\/p>\n<h5 id=\"contact\">Contact details<\/h5>\n<p>QA229,\u00a0Department of Environmental Economics, Faculty of Economic and Social Sciences, Budapest University of Technology and Economics, Magyar tud\u00f3sok k\u00f6r\u00fatja 2, H-1117 Budapest.\u00a0<a href=\"mailto:zilahy@eik.bme.hu\">zilahy@eik.bme.hu<br \/>\n<\/a><\/p>\n<h5 id=\"resint\">Research interests<\/h5>\n<p>Sustainable business models, sustainable development in business (sector), sustainable consumption<\/p>\n<h5 id=\"selpub\">Selected publications<\/h5>\n<ul>\n<li>Dobes V, Fresner J, Krenn C, Ruzicka P, Rinaldi C, Cortesi S, Chiavetta C, Zilahy G, Kochanski M, Grevenstette P, de Graaf D, Dorer C (2017):\u00a0Analysis and exploitation of resource efficiency potentials in industrial small and medium-sized enterprises &#8211; Experiences with the EDIT Value Tool in Central Europe, JOURNAL OF CLEANER PRODUCTION 159: pp. 290-300.<\/li>\n<li>Zilahy, G. (2016): Sustainable business models &#8211; What Do Management Theories Say?<br \/>\nVezet\u00e9studom\u00e1ny, 47(10), pp.62\u201372.<\/li>\n<li>\u00a0G. Harangoz\u00f3, G. Zilahy (2014): Cooperation between business and non-governmental<br \/>\norganizations to promote sustainable development, Journal of Cleaner Production, 89:<br \/>\npp. 18-31.<\/li>\n<li>G. Zilahy, A. Sz\u00e9chy, \u00c1. Zs\u00f3ka, Z. M. Szer\u00e9nyi, G. Harangoz\u00f3, M. Csutora (2014):<br \/>\nSustainability management or risk management? Critical assessment of green supply<br \/>\nchain management, In: 17th European Roundtable on Sustainable Production and<br \/>\nConsumption \u2013 ERSCP 2014<\/li>\n<li>G. Zilahy, R. B\u00fcrger, G. Harangoz\u00f3, J. Rockel A. Sz\u00e9chy (2014): Financing Resource<br \/>\nEfficiency in SMEs, ERSCP conference, October, 2014, Portoroz, Slovenia<\/li>\n<li>G. Zilahy, \u00c1. Zs\u00f3ka (2012): Sustainable Consumption in Central and Eastern Europe \u2013 a<br \/>\nSurvey, SCORAI workshop, May, 2012, Bregenz, Austria<\/li>\n<li>G. Harangoz\u00f3, G. Zilahy (2011): Cooperation Between NGOs and the Corporate Sector<br \/>\nTowards Sustainable Development, Sustainable Consumption Conference, January,<br \/>\n2011, Budapest, Hungary<\/li>\n<li>G. Zilahy, \u00c1. Zs\u00f3ka, S. Luda (2011): Integration of Business Activities into Regional<br \/>\nSustainability Initiatives. Sustainable Consumption Conference, January, 2011,<br \/>\nBudapest, Hungary<\/li>\n<li>G. Zilahy (2011): Opportunities for Corporate-NGO Cooperation (V\u00e1llalati \u00e9s civil<br \/>\negy\u00fcttm\u0171k\u00f6d\u00e9s lehet\u0151s\u00e9gei), conference paper in Hungarian, Waste Management in a<br \/>\nSustainable World, May, 2011, Visegr\u00e1d, Hungary<\/li>\n<li>Ferrer-Balas, D., Lozano, R., Huisingh, D., Buckland, H., Ysern, P., Zilahy, G. (2010): Going<br \/>\nBeyond the Rhetoric: System-wide Changes in Universities for Sustainable Societies,<br \/>\nJournal of Cleaner Production, 18 (7), pp. 607-610.<\/li>\n<\/ul>\n<h5 id=\"phd\">Ph.D. students<\/h5>\n<ul>\n<li>Gergely Sz\u0171cs (Corvinus University, 2015)<\/li>\n<li>Anna Sz\u00e9chy (Corvinus University, 2012)<\/li>\n<li>Kinga Bir\u00f3 (BME FESS, expected: 2022)<\/li>\n<li>Barbara Kitti Fetter (BME FESS, expected: 2020)<\/li>\n<li>Petra Solt\u00e9sz (BME FESS, expected: 2020)<br \/>\n<h5 id=\"respro\"><\/h5>\n<h5 id=\"respro\">Research projects for students<\/h5>\n<ul>\n<li>The role of new, innovative business models in realizing sustainable development<\/li>\n<li>Sustainability targets of companies &#8211; where to go now?<\/li>\n<li>The sustainability aspects of consumerism<\/li>\n<\/ul>\n<\/li>\n<\/ul>\n","protected":false},"excerpt":{"rendered":"<p>Contact\u00a0 \u00a0 \u00a0 \u00a0 \u00a0Interests\u00a0 \u00a0 \u00a0 \u00a0 \u00a0 \u00a0Publications\u00a0 \u00a0 \u00a0 \u00a0 \u00a0 \u00a0 \u00a0Ph.D. students\u00a0 \u00a0 \u00a0 \u00a0 \u00a0 Projects for students &nbsp; &nbsp; &nbsp; &gt;&gt;download_CV &nbsp; &nbsp; Contact details QA229,\u00a0Department of Environmental Economics, Faculty of Economic and Social Sciences, Budapest University of Technology and Economics, Magyar tud\u00f3sok k\u00f6r\u00fatja 2, H-1117 Budapest.\u00a0zilahy@eik.bme.hu Research &hellip; <a href=\"https:\/\/qsms.bme.hu\/index.php\/zilahy\/\" class=\"more-link\">Continue reading<span class=\"screen-reader-text\"> &#8220;Gyula Zilahy&#8221;<\/span><\/a><\/p>\n","protected":false},"author":2,"featured_media":0,"parent":0,"menu_order":0,"comment_status":"closed","ping_status":"closed","template":"","meta":{"footnotes":""},"class_list":["post-84","page","type-page","status-publish","hentry"],"_links":{"self":[{"href":"https:\/\/qsms.bme.hu\/index.php\/wp-json\/wp\/v2\/pages\/84","targetHints":{"allow":["GET"]}}],"collection":[{"href":"https:\/\/qsms.bme.hu\/index.php\/wp-json\/wp\/v2\/pages"}],"about":[{"href":"https:\/\/qsms.bme.hu\/index.php\/wp-json\/wp\/v2\/types\/page"}],"author":[{"embeddable":true,"href":"https:\/\/qsms.bme.hu\/index.php\/wp-json\/wp\/v2\/users\/2"}],"replies":[{"embeddable":true,"href":"https:\/\/qsms.bme.hu\/index.php\/wp-json\/wp\/v2\/comments?post=84"}],"version-history":[{"count":15,"href":"https:\/\/qsms.bme.hu\/index.php\/wp-json\/wp\/v2\/pages\/84\/revisions"}],"predecessor-version":[{"id":383,"href":"https:\/\/qsms.bme.hu\/index.php\/wp-json\/wp\/v2\/pages\/84\/revisions\/383"}],"wp:attachment":[{"href":"https:\/\/qsms.bme.hu\/index.php\/wp-json\/wp\/v2\/media?parent=84"}],"curies":[{"name":"wp","href":"https:\/\/api.w.org\/{rel}","templated":true}]}}