{"id":8,"date":"2018-10-05T07:57:48","date_gmt":"2018-10-05T07:57:48","guid":{"rendered":"http:\/\/qsms.mokk.bme.hu\/?page_id=8"},"modified":"2023-12-29T09:41:53","modified_gmt":"2023-12-29T09:41:53","slug":"publications","status":"publish","type":"page","link":"https:\/\/qsms.bme.hu\/index.php\/publications\/","title":{"rendered":"Publications"},"content":{"rendered":"\n<h5>Recent publications<\/h5>\n<ul>\n<li>Sandrini L. (2023): <a href=\"https:\/\/doi.org\/10.1007\/s11151-023-09935-9\" target=\"_blank\" rel=\"noopener noreferrer\">Price versus Market Share with Royalty Licensing: Incomplete Adoption of a Superior Technology with Heterogeneous Firms<\/a>,<em> Review of Industrial Organization<\/em>, 1-23.<\/li>\n<li>Sandrini L., Somogyi R. (2023): <a href=\"https:\/\/doi.org\/10.1016\/j.econlet.2023.111317\" target=\"_blank\" rel=\"noopener noreferrer\">Generative AI and Deceptive News Consumption<\/a>,<em> Economics Letter<\/em>, 232: 1-4.<\/li>\n<li>Herke B., Janky B. (2022): <a href=\"https:\/\/doi.org\/10.1017\/S004727942100074X\" target=\"_blank\" rel=\"noopener noreferrer\">The Role of the Deservingness Criteria in the case of Single Mothers\u2019 Perceived Welfare Deservingness in Hungary<\/a>,<em> Journal of Social Policy<\/em>, 1-21.<\/li>\n<li>Kiss H.J., K\u00f3czy L.\u00c1., Pint\u00e9r \u00c1., Sziklai B.R. (2022): <a href=\"https:\/\/www.sciencedirect.com\/science\/article\/pii\/S2214804322000568\" target=\"_blank\" rel=\"noopener\">Does risk sorting explain overpricing in experimental asset markets?<\/a>,<em> Journal of Behavioral and Experimental Economics<\/em>, 99, 101882.<\/li>\n<li>K\u00f3czy L. \u00c1. (2022): <a href=\"https:\/\/link.springer.com\/article\/10.1007\/s10479-022-04669-5\">Core-stability over networks with widespread externalities.<\/a>\n<em>Annals of Operations Research<\/em>, online first.\n<li>K\u00f3czy L. \u00c1., Csercsik D., Sziklai, B. (2022): <a href=.>Nord Stream 2: A prelude to war.<\/a>\n<em>Energy Strategy Reviews<\/em>, forthcoming.\n<li>Koltai, T., Tam\u00e1s, A. (2022): <a href=\"https:\/\/doi.org\/10.1016\/j.ijme.2022.100688\">Performance evaluation of teams in business simulation games with weight restricted data envelopment analysis models.<\/a>\n<em>The International Journal of Management Education<\/em>, Volume 20, Issue 3, p. 17.\n<\/li>\n<li>Petr\u00f3czy D. G., Rogers M. F., K\u00f3czy L. \u00c1. (2022): <a href=\"https:\/\/www.mdpi.com\/2073-4336\/13\/1\/18\">Exits from the European Union and Their Effect on Power Distribution in the Council.<\/a>\n<em>Games <\/em>, 13(1) 18.\n<\/li>\n<li>Sandrini, L. (2022): <a href=\"https:\/\/www.tandfonline.com\/eprint\/FJEIQACVHHDAF8CPKKTX\/full?target=10.1080\/10438599.2021.2024432\">Innovation, competition, and incomplete adoption of a superior technology<\/a>, <em>Economics of Innovation and New Technology<\/em>, 1-21.<\/li>\n<li>Aslan, F., Dindar, H., Lain\u00e9, J. (2021): <a href=\"https:\/\/link.springer.com\/article\/10.1007\/s10058-021-00260-9\">When are committees of Condorcet winners Condorcet winning committees?<\/a>, <em>Review of Economic Design,<\/em>&nbsp;1-30.<\/li>\n<li>Herings, P.J.J., K\u00f3czy L. \u00c1. (2021):\n<a href=\"https:\/\/www.sciencedirect.com\/science\/article\/pii\/S0899825621000208\" target=\"_blank\" rel=\"noopener noreferrer\">The equivalence of the minimal dominant set and the myopic stable set for coalition function form games,<\/a> <em>Games and Economic Behavior<\/em>&nbsp;127, 67-79.<\/li>\n<li>Kisfalusi D., Janky B., Tak\u00e1cs K. (2021): <a href=\"https:\/\/doi.org\/10.1093\/esr\/jcab023\" target=\"_blank\" rel=\"noopener noreferrer\">Grading in Hungarian Primary Schools: Mechanisms of Ethnic Discrimination against Roma Students<\/a>, <em>European Sociological Review<\/em>&nbsp;37 (6), 899-917.<\/li>\n<li>Koltai T., Dim\u00e9ny I., Gallina, V., Gaal, A., Sepe, C. (2021): <a href=\"https:\/\/www.sciencedirect.com\/science\/article\/pii\/S0925527321002681)\" target=\"_blank\" rel=\"noopener noreferrer\">An analysis of task assignment and cycle times when robots are added to human-operated assembly lines, using mathematical programming models,<\/a> <em>International Journal of Production Economics<\/em>&nbsp;242.<\/li>\n<li>K\u00f3czy L. \u00c1. (2021):\n<a href=\"https:\/\/www.mdpi.com\/2073-4336\/12\/2\/51\" target=\"_blank\" rel=\"noopener noreferrer\">Brexit and Power in the Council of the European Union,&#8221; Games,<\/a> <em>International Journal of Production Economics<\/em>&nbsp;12, 51.<\/li>\n<li>Sandrini, L. (2021): <a href=\"https:\/\/doi.org\/10.1016\/j.ijindorg.2021.102715\">Incentives for labor-augmenting innovation in vertical markets: the role of wage rate<\/a>, <em>International Journal of Industrial Organization <\/em>75(C)<\/li>\n<li>Staudacher J., K\u00f3czy L. \u00c1., Stach I., Filipp, J., Kramer M., Noffke T., Olsson L., Pichler J., Singer T. (2021): <a href=\"http:\/\/cejsh.icm.edu.pl\/cejsh\/element\/bwmeta1.element.desklight-73b2f1fc-ff54-40f6-aaf1-16c61b10c32f\">Computing power indices for weighted voting games via dynamic programming<\/a>, <em>Operations Research and Decisions <\/em>31, 123-145.<\/li>\n<li>Aslan, F., Lain\u00e9, J. (2020): <a href=\"https:\/\/www.sciencedirect.com\/science\/article\/abs\/pii\/S0304406820300586\">Competitive equilibria in Shapley\u2013Scarf markets with couples<\/a>, <em>Journal of Mathematical Economics<\/em>&nbsp;89, 66-78<\/li>\n<li>Gautier, A., Somogyi R. (2020): <a href=\"https:\/\/www.sciencedirect.com\/science\/article\/pii\/S0167718720300850?dgcid=author\" target=\"_blank\" rel=\"noopener noreferrer\">Prioritization vs Zero-rating:&nbsp;Discrimination on the Internet<\/a><strong>,<\/strong> <em>International Journal of Industrial Organization<\/em> 73.<\/li>\n<li>Sziklai B., K\u00f3czy L. \u00c1., Csercsik D., Hubert, F., (2020): <a href=\"https:\/\/www.sciencedirect.com\/science\/article\/pii\/S0301421520304201\">The impact of Nord Stream 2 on the European gas market bargaining positions<\/a>, <em>Energy Policy,<\/em> 144, 111692.<\/li>\n<li style=\"font-weight: 400;\"><span style=\"font-weight: 400;\">Somogyi R. (2020):<\/span><b>&nbsp;<\/b><a href=\"https:\/\/www.sciencedirect.com\/science\/article\/pii\/S016548962030086X\" target=\"_blank\" rel=\"noopener noreferrer\">Bertrand-Edgeworth Competition with Substantial Horizontal Product Differentiation,<\/a> <em>Mathematical Social Sciences<\/em> 108, 27-37<\/li>\n<li>Csercsik, D., Hubert, F., K\u00f3czy L. \u00c1., Sziklai B. (2019): <a href=\"https:\/\/www.sciencedirect.com\/science\/article\/pii\/S0140988319300283\">Modelling transfer profits as externalities in a cooperative game-theoretic model of natural gas networks<\/a>, <em>Energy Economics<\/em> 80, 355-365.<\/li>\n<li>Janky B. (2019): <a href=\"https:\/\/doi.org\/10.1093\/ijpor\/edy035\" target=\"_blank\" rel=\"noopener noreferrer\">Changing Connotations and the Evolution of the Effect of Wording: Labeling Asylum Seekers in a Political Campaign,<\/a> <em>International Journal of Public Opinion Research <\/em>31(4), 714-737.<\/li>\n<li>Kisfalusi D., Janky B. &amp; Tak\u00e1cs K. (2018):&nbsp;<a href=\"https:\/\/doi.org\/10.1177\/0272431618791278\">Double Standards or Social Identity? The Role of Gender and Ethnicity in Ability Perceptions in the Classroom<\/a>. <em>Journal of Early Adolescence<\/em> online first: 1-36.<\/li>\n<li>K\u00f3czy L. \u00c1., Sziklai B. (2018): <a href=\"https:\/\/www.sciencedirect.com\/science\/article\/pii\/S0167637717305795\">Bounds on malapportionment<\/a>, <em>Operations Research Letters<\/em>&nbsp; 46, 324-328.<\/li>\n<li>K\u00f3czy L. \u00c1. (2018):<a href=\"https:\/\/www.springer.com\/gp\/book\/9783319698403\"> Partition function form games: Coalitional Games with Externalities<\/a>, <em>Theory and Decision Library<\/em> C 48. Springer, XXI+312 p.<\/li>\n<li>Csercsik D., K\u00f3czy L. \u00c1. (2017): <a href=\"https:\/\/link.springer.com\/article\/10.1007\/s11067-017-9363-0\">Efficiency and stability in electrical power transmission networks: a partition function form approach<\/a>, <em>Networks and Spatial Economics<\/em>&nbsp; 17, 1161-1184.<\/li>\n<li>Dobes, V., Fresner, J., Krenn, C., Ruzicka, P., Rinaldi, C., Cortesi, S., Chiavetta, C., Zilahy G., Kochanski, M., Grevenstette, P., de Graaf D., Dorer, C. (2017): <a href=\"http:\/\/dx.doi.org\/10.1016\/j.jclepro.2017.05.017\">Analysis and exploitation of resource efficiency potentials in industrial small and medium-sized enterprises &#8211; Experiences with the EDIT Value Tool in Central Europe<\/a>, <em>Journal of Cleaner Production<\/em> 159, 290-300.<\/li>\n<li>K\u00f3czy L. \u00c1., Bir\u00f3 P., Sziklai B. (2017): <a href=\"http:\/\/research.illc.uva.nl\/COST-IC1205\/BookDocs\/TrendsCOMSOC.pdf#page=329\">US vs. European Apportionment Practices: The Conflict between monotonicity and proportionality<\/a>, <em>Trends in Computational Social Choice, ed.: Ulle Endriss<\/em>, 309-325.<\/li>\n<li>Koltai T.,&nbsp; Kall\u00f3 N. (2017): <a href=\"https:\/\/www.sciencedirect.com\/science\/article\/pii\/S0360835217301298\">Analysis of the effect of learning on the throughput-time in simple assembly lines<\/a>.&nbsp;<em>Computers &amp; Industrial Engineering <\/em>11, 507-515<\/li>\n<li>Koltai T., Lozano, S., Uzonyi-Kecsk\u00e9s J., Moreno, P. (2017): <a href=\"https:\/\/www.sciencedirect.com\/science\/article\/pii\/S0360835216305265\">Evaluation of the results of a production simulation game using a dynamic DEA approach<\/a>,&nbsp;<em>Computers &amp; Industrial Engineering <\/em>105, 1-11.<\/li>\n<\/ul>\n<h5>Working papers<\/h5>\n<ul>\n<li>Flavio Delbono &amp; Carlo Reggiani &amp; Luca Sandrini, 2021, <a href=\"https:\/\/ec.europa.eu\/jrc\/sites\/default\/files\/jrc126568.pdf\">Strategic data sales to competing firms<\/a>, European Commission, 2021, JRC126568.<\/li>\n<li>Bal\u00e1zs Sziklai &amp; L\u00e1szlo \u00c1. K\u00f3czy &amp; David Csercsik, 2018. <a href=\"https:\/\/ideas.repec.org\/p\/has\/discpr\/1821.html\">The geopolitical impact of Nord Stream 2,<\/a>&nbsp;IEHAS Discussion Papers&nbsp;1821, Institute of Economics, Centre for Economic and Regional Studies, Hungarian Academy of Sciences.<\/li>\n<li>Axel Gautier &amp; Robert Somogyi, 2018.&nbsp;<a href=\"https:\/\/ideas.repec.org\/p\/cor\/louvco\/2018023.html\" target=\"_blank\" rel=\"noopener noreferrer\">Prioritization vs Zero-rating:&nbsp;Discrimination on the Internet<\/a>,&nbsp;<i>CORE Discussion Papers<\/i>&nbsp;2018\/23, Universit\u00e9 catholique de Louvain.<\/li>\n<li>L\u00e1szl\u00f3 \u00c1. K\u00f3czy &amp; Balazs Sziklai, 2018. <a href=\"https:\/\/ideas.repec.org\/p\/has\/discpr\/1801.html\">Bounds on Malapportionment<\/a>, IEHAS Discussion Papers&nbsp;1801, Institute of Economics, Centre for Economic and Regional Studies, Hungarian Academy of Sciences.<\/li>\n<li>L\u00e1szl\u00f3 \u00c1. K\u00f3czy &amp; Peter Biro &amp; Balazs Sziklai, 2017. <a href=\"https:\/\/ideas.repec.org\/p\/has\/discpr\/1716.html\">US vs. European Apportionment Practices: The Conflict between Monotonicity and Proportionality<\/a>, IEHAS Discussion Papers&nbsp;1716, Institute of Economics, Centre for Economic and Regional Studies, Hungarian Academy of Sciences.<\/li>\n<li>L\u00e1szl\u00f3 \u00c1. K\u00f3czy &amp; J\u00e1nos Kiss Hubert, 2017. <a href=\"https:\/\/ideas.repec.org\/p\/pkk\/wpaper\/1701.html\">The contributions of Hart and Holmstr\u00f6m to Contract Theory<\/a>, Working Paper Series&nbsp;1701, \u00d3buda University, Keleti Faculty of Business and Management.<\/li>\n<li>Robert Somogyi, 2016.&nbsp;<a href=\"https:\/\/alfresco-guest.uclouvain.be\/alfresco\/service\/guest\/streamDownload\/workspace\/SpacesStore\/d4eee083-0a8a-42ab-b42a-b5923e1c1cd6\/coredp2016_47web.pdf?guest=true\">The Economics of Zero-rating and Net Neutrality<\/a>,&nbsp;<i>CORE Discussion Papers<\/i>&nbsp;2016\/47, Universit\u00e9 catholique de Louvain.<\/li>\n<\/ul>\n","protected":false},"excerpt":{"rendered":"<p>Recent publications Sandrini L. (2023): Price versus Market Share with Royalty Licensing: Incomplete Adoption of a Superior Technology with Heterogeneous Firms, Review of Industrial Organization, 1-23. Sandrini L., Somogyi R. (2023): Generative AI and Deceptive News Consumption, Economics Letter, 232: 1-4. Herke B., Janky B. (2022): The Role of the Deservingness Criteria in the case &hellip; <a href=\"https:\/\/qsms.bme.hu\/index.php\/publications\/\" class=\"more-link\">Continue reading<span class=\"screen-reader-text\"> &#8220;Publications&#8221;<\/span><\/a><\/p>\n","protected":false},"author":1,"featured_media":0,"parent":0,"menu_order":0,"comment_status":"closed","ping_status":"closed","template":"","meta":{"footnotes":""},"class_list":["post-8","page","type-page","status-publish","hentry"],"_links":{"self":[{"href":"https:\/\/qsms.bme.hu\/index.php\/wp-json\/wp\/v2\/pages\/8","targetHints":{"allow":["GET"]}}],"collection":[{"href":"https:\/\/qsms.bme.hu\/index.php\/wp-json\/wp\/v2\/pages"}],"about":[{"href":"https:\/\/qsms.bme.hu\/index.php\/wp-json\/wp\/v2\/types\/page"}],"author":[{"embeddable":true,"href":"https:\/\/qsms.bme.hu\/index.php\/wp-json\/wp\/v2\/users\/1"}],"replies":[{"embeddable":true,"href":"https:\/\/qsms.bme.hu\/index.php\/wp-json\/wp\/v2\/comments?post=8"}],"version-history":[{"count":37,"href":"https:\/\/qsms.bme.hu\/index.php\/wp-json\/wp\/v2\/pages\/8\/revisions"}],"predecessor-version":[{"id":1700,"href":"https:\/\/qsms.bme.hu\/index.php\/wp-json\/wp\/v2\/pages\/8\/revisions\/1700"}],"wp:attachment":[{"href":"https:\/\/qsms.bme.hu\/index.php\/wp-json\/wp\/v2\/media?parent=8"}],"curies":[{"name":"wp","href":"https:\/\/api.w.org\/{rel}","templated":true}]}}