{"id":688,"date":"2019-09-14T07:35:40","date_gmt":"2019-09-14T07:35:40","guid":{"rendered":"http:\/\/qsms.mokk.bme.hu\/?page_id=688"},"modified":"2023-12-05T13:38:27","modified_gmt":"2023-12-05T13:38:27","slug":"aslan","status":"publish","type":"page","link":"https:\/\/qsms.bme.hu\/index.php\/aslan\/","title":{"rendered":"Fatma Aslan"},"content":{"rendered":"<div class=\"wp-block-image\">\n<figure class=\"alignleft size-large is-resized\"><img loading=\"lazy\" decoding=\"async\" width=\"709\" height=\"877\" src=\"https:\/\/qsms.bme.hu\/wp-content\/uploads\/2021\/05\/picture.jpg\" alt=\"\" class=\"wp-image-1082\" style=\"width:222px;height:254px\" srcset=\"https:\/\/qsms.bme.hu\/wp-content\/uploads\/2021\/05\/picture.jpg 709w, https:\/\/qsms.bme.hu\/wp-content\/uploads\/2021\/05\/picture-243x300.jpg 243w\" sizes=\"auto, (max-width: 709px) 85vw, 709px\" \/><\/figure>\n<\/div>\n\n<p><a href=\"#contact\">Contact<\/a>\u00a0 \u00a0 \u00a0 \u00a0 \u00a0<a href=\"#resint\">Interests<\/a>\u00a0 \u00a0 \u00a0 \u00a0 \u00a0 \u00a0<a href=\"#selpub\">Publications<\/a>\u00a0 \u00a0 \u00a0 \u00a0 \u00a0<a href=\"#wip\">Work in progress<\/a><\/p>\n<p><span style=\"font-size: inherit;\">Fatma Aslan is an <span class=\"C9DxTc \">\u00a0Assistant Professor at the Department of Management and Business Economics\u00a0<\/span><span class=\"C9DxTc \">and a research fellow at\u00a0<\/span><span class=\"C9DxTc \">\u00a0<\/span><a class=\"XqQF9c\" href=\"https:\/\/qsms.bme.hu\/\" target=\"_blank\" rel=\"noopener\"><span class=\"C9DxTc aw5Odc \">QSMS Research Group<\/span><\/a><span class=\"C9DxTc \">\u00a0at the\u00a0<\/span><a class=\"XqQF9c\" href=\"https:\/\/www.bme.hu\/?language=en\" target=\"_blank\" rel=\"noopener\"><span class=\"C9DxTc aw5Odc \">Budapest University of Technology and Economics<\/span><\/a><span class=\"C9DxTc \">. <\/span><\/span><span style=\"font-size: inherit;\">\u00a0She completed her Ph.D. in Economics at <\/span><a style=\"font-size: inherit;\" href=\"http:\/\/www.google.com\/url?q=http%3A%2F%2Fwww.cnam.eu%2Fsite-en%2F&amp;sa=D&amp;sntz=1&amp;usg=AFQjCNFddyCD5iFk2RuTm3-ugD_9w0Ka8w\" data-saferedirecturl=\"https:\/\/www.google.com\/url?q=http:\/\/www.google.com\/url?q%3Dhttp%253A%252F%252Fwww.cnam.eu%252Fsite-en%252F%26sa%3DD%26sntz%3D1%26usg%3DAFQjCNFddyCD5iFk2RuTm3-ugD_9w0Ka8w&amp;source=gmail&amp;ust=1568477937425000&amp;usg=AFQjCNEgyAuguIpvv6qkQ5CcZgQUJ6ET4w\">CNAM<\/a><span style=\"font-size: inherit;\">, Paris, and Istanbul Bilgi University under the supervision of Jean Lain\u00e9 in 2019. Her research interests are Matching Theory, Market Design, Voting Theory, Social Choice Theory, Cooperative Game Theory, Experimental Economics, and Behavioral Economics.<\/span><\/p>\n<p><span style=\"font-size: 1.1875rem; color: #686868; font-style: italic;\">&gt;<\/span><a style=\"font-size: 1.1875rem; font-style: italic;\" href=\"https:\/\/drive.google.com\/file\/d\/1ZvkiGsILrSWrQDOKspzSXwp0bD2fVUFC\/view?usp=drive_link\">download_CV<\/a><\/p>\n<div class=\"moduletable\">\n<div class=\"contact04\">\n<p><a href=\"https:\/\/scholar.google.com.tr\/citations?hl=en&amp;user=fnV5_coAAAAJ\"><img loading=\"lazy\" decoding=\"async\" class=\"alignleft wp-image-147\" src=\"https:\/\/qsms.bme.hu\/wp-content\/uploads\/2018\/10\/google.png\" alt=\"\" width=\"25\" height=\"25\" \/><\/a><\/p>\n<\/div>\n<\/div>\n<p><a href=\"https:\/\/sites.google.com\/view\/fatmaaslan\"><img loading=\"lazy\" decoding=\"async\" class=\"alignleft wp-image-198\" src=\"https:\/\/qsms.bme.hu\/wp-content\/uploads\/2018\/10\/globe-300x300.png\" alt=\"\" width=\"25\" height=\"25\" srcset=\"https:\/\/qsms.bme.hu\/wp-content\/uploads\/2018\/10\/globe-300x300.png 300w, https:\/\/qsms.bme.hu\/wp-content\/uploads\/2018\/10\/globe-150x150.png 150w, https:\/\/qsms.bme.hu\/wp-content\/uploads\/2018\/10\/globe.png 768w\" sizes=\"auto, (max-width: 25px) 85vw, 25px\" \/><\/a><a href=\"https:\/\/orcid.org\/0000-0003-1577-8109\" rel=\"attachment wp-att-151\"><img loading=\"lazy\" decoding=\"async\" class=\"alignleft wp-image-151\" src=\"https:\/\/qsms.bme.hu\/wp-content\/uploads\/2018\/10\/orcid-150x150.png\" alt=\"\" width=\"25\" height=\"25\" srcset=\"https:\/\/qsms.bme.hu\/wp-content\/uploads\/2018\/10\/orcid-150x150.png 150w, https:\/\/qsms.bme.hu\/wp-content\/uploads\/2018\/10\/orcid.png 225w\" sizes=\"auto, (max-width: 25px) 85vw, 25px\" \/><\/a><\/p>\n<h5 id=\"contact\">Contact details<\/h5>\n<p style=\"font-weight: 400;\">QA311, \u00a0Department of Management and Business Economics, Faculty of Economic and Social Sciences, Budapest University of Technology and Economics, BME Building Q, Magyar tud\u00f3sok k\u00f6r\u00fatja 2, H-1117, Budapest, Hungary. <a href=\"mailto:fatma.aslan@gtdh.bme.hu\">aslan.fatma@gtk.bme.hu<\/a><\/p>\n<h5 id=\"resint\">Research interests<\/h5>\n<div class=\"col-lg-4\">\n<div class=\"contact01\">\n<p style=\"font-weight: 400;\">Matching Theory, Market Design, Voting Theory, Social Choice Theory, Cooperative Game Theory, Experimental Economics, and Behavioral Economics.<\/p>\n<h5 style=\"font-weight: 400;\"><strong style=\"color: inherit; font-size: 19px;\">Publications<\/strong><\/h5>\n<ul>\n<li><span style=\"color: #3366ff;\">Aslan, F<\/span>., Duman P. &amp; Trockel W. (2023): PEA &#8211; Core Substitute for Non-cohesive Games, Economics Bulletin, forthcoming<\/li>\n<li><span style=\"color: #3366ff;\">Aslan, F<\/span>., Dindar,H. &amp; Lain\u00e9, J. (2021): <a href=\"https:\/\/link.springer.com\/article\/10.1007\/s10058-021-00260-9\">When are Committees of Condorcet Winners Condorcet Winning Committees?<\/a>. Review of Economic Design, 1-30<\/li>\n<li><span style=\"color: #3366ff;\">Aslan, F<\/span>., &amp; Lain\u00e9, J. (2020): <a href=\"https:\/\/www.sciencedirect.com\/science\/article\/pii\/S0304406820300586\">Competitive Equilibria in Shapley\u2013Scarf Markets with Couples<\/a>.\u00a0<i>Journal of Mathematical Economics<\/i>,\u00a0<i>89<\/i>, 66-78.<\/li>\n<\/ul>\n<\/div>\n<\/div>\n<h5><strong style=\"color: inherit; font-size: 19px;\">Working Papers<\/strong><\/h5>\n<ul>\n<li>The Implementability of Fairness (with <a href=\"https:\/\/www.hectorhermidarivera.com\/\">H. Hermida-Rivera<\/a>)<\/li>\n<li>Core Stability of Housing Markets with Couples and Distance Structure (with <a href=\"http:\/\/www.google.com\/url?q=http%3A%2F%2Flirsa.cnam.fr%2Fle-laboratoire%2Fmembres%2Fjean-laine-professeur-des-universites-hdr-891008.kjsp&amp;sa=D&amp;sntz=1&amp;usg=AFQjCNE7auJDTKgX-R1jbAG9QzCNYGoPUg\" data-saferedirecturl=\"https:\/\/www.google.com\/url?q=http:\/\/www.google.com\/url?q%3Dhttp%253A%252F%252Flirsa.cnam.fr%252Fle-laboratoire%252Fmembres%252Fjean-laine-professeur-des-universites-hdr-891008.kjsp%26sa%3DD%26sntz%3D1%26usg%3DAFQjCNE7auJDTKgX-R1jbAG9QzCNYGoPUg&amp;source=gmail&amp;ust=1568477937426000&amp;usg=AFQjCNECenPytLo2QLXetordIW6zsN1gTA\">J. Lain\u00e9 )<\/a><\/li>\n<li class=\"zfr3Q TYR86d eD0Rn \" dir=\"ltr\">\n<p class=\"zfr3Q CDt4Ke \" dir=\"ltr\" role=\"presentation\"><span class=\"C9DxTc \">Within-group externalities and dynamics of two-sided markets (\u00a0<a class=\"XqQF9c\" href=\"http:\/\/mvt.bme.hu\/munkatarsak\/Nemeslaki%20Andr%C3%A1s\" target=\"_blank\" rel=\"noopener\">A. Nemeslaki<\/a>\u00a0and\u00a0<a class=\"XqQF9c\" href=\"https:\/\/sites.google.com\/site\/robertsomogyi\/\" target=\"_blank\" rel=\"noopener\">R. Somogyi<\/a>)<\/span><\/p>\n<\/li>\n<\/ul>\n<h5 style=\"font-weight: 400;\"><strong>Works in Progress<\/strong><\/h5>\n<ul style=\"font-weight: 400;\">\n<li>Student-Supervisor Matching (with <a href=\"https:\/\/sites.google.com\/view\/cstapenhurst\/\">C. Stapenhurst<\/a> and V. Surman)<\/li>\n<li>Generating representatives from Anonymously and Neutrally Equivalent Classes(ANEC): An algorithm to enumerate root profiles (with <a href=\"https:\/\/www.hs-kempten.de\/informatik\/fakultaet\/personen-detailansicht\/jochen-staudacher?tx_hisconnect_personenlisting%5Bbacklink%5D=590&amp;cHash=1124fe1390732a7380ab24d8aef050f0\">J. Staudacher<\/a>, and S.Kaunzinger, <a href=\"https:\/\/www.saral.it\/\">A. S. Saral<\/a>)<\/li>\n<li>Minimal Maskin-Monotonic Extensions of Compromise Solutions\u00a0(with\u00a0<a href=\"http:\/\/www.google.com\/url?q=http%3A%2F%2Flirsa.cnam.fr%2Fle-laboratoire%2Fmembres%2Fjean-laine-professeur-des-universites-hdr-891008.kjsp&amp;sa=D&amp;sntz=1&amp;usg=AFQjCNE7auJDTKgX-R1jbAG9QzCNYGoPUg\" data-saferedirecturl=\"https:\/\/www.google.com\/url?q=http:\/\/www.google.com\/url?q%3Dhttp%253A%252F%252Flirsa.cnam.fr%252Fle-laboratoire%252Fmembres%252Fjean-laine-professeur-des-universites-hdr-891008.kjsp%26sa%3DD%26sntz%3D1%26usg%3DAFQjCNE7auJDTKgX-R1jbAG9QzCNYGoPUg&amp;source=gmail&amp;ust=1568477937426000&amp;usg=AFQjCNECenPytLo2QLXetordIW6zsN1gTA\">J. Lain\u00e9<\/a> )<\/li>\n<\/ul>\n\n\n<p><\/p>\n","protected":false},"excerpt":{"rendered":"<p>Contact\u00a0 \u00a0 \u00a0 \u00a0 \u00a0Interests\u00a0 \u00a0 \u00a0 \u00a0 \u00a0 \u00a0Publications\u00a0 \u00a0 \u00a0 \u00a0 \u00a0Work in progress Fatma Aslan is an \u00a0Assistant Professor at the Department of Management and Business Economics\u00a0and a research fellow at\u00a0\u00a0QSMS Research Group\u00a0at the\u00a0Budapest University of Technology and Economics. \u00a0She completed her Ph.D. in Economics at CNAM, Paris, and Istanbul Bilgi University &hellip; <a href=\"https:\/\/qsms.bme.hu\/index.php\/aslan\/\" class=\"more-link\">Continue reading<span class=\"screen-reader-text\"> &#8220;Fatma Aslan&#8221;<\/span><\/a><\/p>\n","protected":false},"author":2,"featured_media":0,"parent":0,"menu_order":0,"comment_status":"closed","ping_status":"closed","template":"","meta":{"footnotes":""},"class_list":["post-688","page","type-page","status-publish","hentry"],"_links":{"self":[{"href":"https:\/\/qsms.bme.hu\/index.php\/wp-json\/wp\/v2\/pages\/688","targetHints":{"allow":["GET"]}}],"collection":[{"href":"https:\/\/qsms.bme.hu\/index.php\/wp-json\/wp\/v2\/pages"}],"about":[{"href":"https:\/\/qsms.bme.hu\/index.php\/wp-json\/wp\/v2\/types\/page"}],"author":[{"embeddable":true,"href":"https:\/\/qsms.bme.hu\/index.php\/wp-json\/wp\/v2\/users\/2"}],"replies":[{"embeddable":true,"href":"https:\/\/qsms.bme.hu\/index.php\/wp-json\/wp\/v2\/comments?post=688"}],"version-history":[{"count":34,"href":"https:\/\/qsms.bme.hu\/index.php\/wp-json\/wp\/v2\/pages\/688\/revisions"}],"predecessor-version":[{"id":1681,"href":"https:\/\/qsms.bme.hu\/index.php\/wp-json\/wp\/v2\/pages\/688\/revisions\/1681"}],"wp:attachment":[{"href":"https:\/\/qsms.bme.hu\/index.php\/wp-json\/wp\/v2\/media?parent=688"}],"curies":[{"name":"wp","href":"https:\/\/api.w.org\/{rel}","templated":true}]}}