{"id":1910,"date":"2025-09-17T20:19:36","date_gmt":"2025-09-17T20:19:36","guid":{"rendered":"https:\/\/qsms.bme.hu\/?page_id=1910"},"modified":"2025-09-17T20:19:36","modified_gmt":"2025-09-17T20:19:36","slug":"pinaki-mandal","status":"publish","type":"page","link":"https:\/\/qsms.bme.hu\/index.php\/pinaki-mandal\/","title":{"rendered":"Pinaki Mandal"},"content":{"rendered":"<p><a href=\"#contact\">Contact<\/a> \u00a0\u00a0 <a href=\"#resint\">Research interests<\/a> \u00a0\u00a0 <a href=\"#pub\">Publications<\/a> \u00a0\u00a0 <a href=\"#wip\">Work in progress<\/a><\/p>\n<figure class=\"wp-block-image size-large\"><img loading=\"lazy\" decoding=\"async\" class=\"alignnone wp-image-1912 \" src=\"http:\/\/qsms.bme.hu\/wp-content\/uploads\/2025\/09\/Photo_Pinaki-Mandal-288x300.jpg\" alt=\"\" width=\"179\" height=\"187\" srcset=\"https:\/\/qsms.bme.hu\/wp-content\/uploads\/2025\/09\/Photo_Pinaki-Mandal-288x300.jpg 288w, https:\/\/qsms.bme.hu\/wp-content\/uploads\/2025\/09\/Photo_Pinaki-Mandal-984x1024.jpg 984w, https:\/\/qsms.bme.hu\/wp-content\/uploads\/2025\/09\/Photo_Pinaki-Mandal-768x800.jpg 768w, https:\/\/qsms.bme.hu\/wp-content\/uploads\/2025\/09\/Photo_Pinaki-Mandal-1475x1536.jpg 1475w, https:\/\/qsms.bme.hu\/wp-content\/uploads\/2025\/09\/Photo_Pinaki-Mandal-1200x1249.jpg 1200w, https:\/\/qsms.bme.hu\/wp-content\/uploads\/2025\/09\/Photo_Pinaki-Mandal.jpg 1799w\" sizes=\"auto, (max-width: 179px) 85vw, 179px\" \/><\/figure>\n<p>Pinaki Mandal is a Research Fellow at the QSMS Research Group, Budapest University of Technology and Economics. He received his Ph.D. in Quantitative Economics from the Indian Statistical Institute. His research focuses on Game Theory, Matching, Mechanism Design, and Probability Theory. &gt;&gt;&gt;<a href=\"https:\/\/drive.google.com\/file\/d\/10N1Tp8cPaN33zuAVs_iEjlQxHG-nFNVA\/view\" target=\"_blank\" rel=\"noopener noreferrer\">download_CV<\/a><\/p>\n<h5 id=\"contact\">Contact details<\/h5>\n<p>QA325, Faculty of Economic and Social Sciences, Budapest University of Technology and Economics, Magyar tud\u00f3sok k\u00f6r\u00fatja 2, H-1117 Budapest. <a title=\"mailto:mandal.pinaki@gtk.bme.hu\" href=\"mailto:mandal.pinaki@gtk.bme.hu\" data-linkindex=\"3\" data-olk-copy-source=\"MessageBody\">mandal.pinaki@gtk.bme.hu<\/a><\/p>\n<p>Google Scholar, ResearchGate, ORCID, Scopus<\/p>\n<h5 id=\"resint\">Research interests<\/h5>\n<p>Game Theory, Matching, Mechanism Design, and Probability Theory<\/p>\n<h5 id=\"pub\">Publications<\/h5>\n<div class=\"paragraph\">\n<ul>\n<li><span style=\"color: #3366ff;\">Mandal, P<\/span>. (2025): <span style=\"color: #6555c2;\"><a href=\"https:\/\/doi.org\/10.1007\/s00199-025-01660-6\" target=\"_blank\" rel=\"noopener\">Compatibility between stability and strategy-proofness: A single-peaked preferences investigation, <\/a><em>Economic Theory, forthcoming<\/em><\/span><\/li>\n<li><span style=\"color: #3366ff;\">Mandal, P<\/span>. (2025): <span style=\"color: #6555c2;\"><a href=\"https:\/\/doi.org\/10.1016\/j.jmateco.2025.103149\" target=\"_blank\" rel=\"noopener\">Efficient reallocation of indivisible resources: Pair-efficiency versus Pareto-efficiency, <\/a><em>Journal of Mathematical Economics<\/em>, 119:103149<\/span><\/li>\n<\/ul>\n<\/div>\n<div class=\"paragraph\"><\/div>\n<div class=\"page\" title=\"Page 1\">\n<div class=\"layoutArea\">\n<div class=\"column\"><\/div>\n<\/div>\n<\/div>\n","protected":false},"excerpt":{"rendered":"<p>Contact \u00a0\u00a0 Research interests \u00a0\u00a0 Publications \u00a0\u00a0 Work in progress Pinaki Mandal is a Research Fellow at the QSMS Research Group, Budapest University of Technology and Economics. He received his Ph.D. in Quantitative Economics from the Indian Statistical Institute. His research focuses on Game Theory, Matching, Mechanism Design, and Probability Theory. &gt;&gt;&gt;download_CV Contact details QA325, &hellip; <a href=\"https:\/\/qsms.bme.hu\/index.php\/pinaki-mandal\/\" class=\"more-link\">Continue reading<span class=\"screen-reader-text\"> &#8220;Pinaki Mandal&#8221;<\/span><\/a><\/p>\n","protected":false},"author":15,"featured_media":0,"parent":0,"menu_order":0,"comment_status":"closed","ping_status":"closed","template":"","meta":{"footnotes":""},"class_list":["post-1910","page","type-page","status-publish","hentry"],"_links":{"self":[{"href":"https:\/\/qsms.bme.hu\/index.php\/wp-json\/wp\/v2\/pages\/1910","targetHints":{"allow":["GET"]}}],"collection":[{"href":"https:\/\/qsms.bme.hu\/index.php\/wp-json\/wp\/v2\/pages"}],"about":[{"href":"https:\/\/qsms.bme.hu\/index.php\/wp-json\/wp\/v2\/types\/page"}],"author":[{"embeddable":true,"href":"https:\/\/qsms.bme.hu\/index.php\/wp-json\/wp\/v2\/users\/15"}],"replies":[{"embeddable":true,"href":"https:\/\/qsms.bme.hu\/index.php\/wp-json\/wp\/v2\/comments?post=1910"}],"version-history":[{"count":1,"href":"https:\/\/qsms.bme.hu\/index.php\/wp-json\/wp\/v2\/pages\/1910\/revisions"}],"predecessor-version":[{"id":1913,"href":"https:\/\/qsms.bme.hu\/index.php\/wp-json\/wp\/v2\/pages\/1910\/revisions\/1913"}],"wp:attachment":[{"href":"https:\/\/qsms.bme.hu\/index.php\/wp-json\/wp\/v2\/media?parent=1910"}],"curies":[{"name":"wp","href":"https:\/\/api.w.org\/{rel}","templated":true}]}}