{"id":1900,"date":"2025-07-28T20:46:05","date_gmt":"2025-07-28T20:46:05","guid":{"rendered":"https:\/\/qsms.bme.hu\/?page_id=1900"},"modified":"2025-07-28T20:51:32","modified_gmt":"2025-07-28T20:51:32","slug":"marton-szabo","status":"publish","type":"page","link":"https:\/\/qsms.bme.hu\/index.php\/marton-szabo\/","title":{"rendered":"M\u00e1rton Szab\u00f3"},"content":{"rendered":"<p><a href=\"#contact\">Contact<\/a> \u00a0\u00a0 <a href=\"#resint\">Research interests<\/a> \u00a0\u00a0 <a href=\"#pub\">Publications<\/a> \u00a0\u00a0 <a href=\"#wip\">Work in progress<\/a><\/p>\n<figure class=\"wp-block-image size-large\"><img loading=\"lazy\" decoding=\"async\" class=\"wp-image-1902  alignleft\" src=\"http:\/\/qsms.bme.hu\/wp-content\/uploads\/2025\/07\/Szabo_Image-197x300.jpg\" alt=\"\" width=\"145\" height=\"221\" srcset=\"https:\/\/qsms.bme.hu\/wp-content\/uploads\/2025\/07\/Szabo_Image-197x300.jpg 197w, https:\/\/qsms.bme.hu\/wp-content\/uploads\/2025\/07\/Szabo_Image-673x1024.jpg 673w, https:\/\/qsms.bme.hu\/wp-content\/uploads\/2025\/07\/Szabo_Image-768x1169.jpg 768w, https:\/\/qsms.bme.hu\/wp-content\/uploads\/2025\/07\/Szabo_Image-1009x1536.jpg 1009w, https:\/\/qsms.bme.hu\/wp-content\/uploads\/2025\/07\/Szabo_Image-1200x1826.jpg 1200w, https:\/\/qsms.bme.hu\/wp-content\/uploads\/2025\/07\/Szabo_Image.jpg 1280w\" sizes=\"auto, (max-width: 145px) 85vw, 145px\" \/><\/figure>\n<p><span data-olk-copy-source=\"MessageBody\">M\u00e1rton Szab\u00f3 <\/span>has been a postdoctoral researcher at the QSMS Research Centre of Budapest University of Technology and Economics (BME) since Fall 2025. He completed his PhD in Political Science at the University of Rochester under the supervision of Mark Fey in 2024. In the 2024-2025 academic year, he was a game theory consultant for the Climate and Conflict Project at Princeton University. He also holds an MA in Economics from Central European University.His research has been published in the Journal of Conflict Resolution and the Journal of Mathematical Economics. &gt;&gt;download_CV<\/p>\n<h5 id=\"contact\">Contact details<\/h5>\n<p>QA327 Quantitative Social and Management Sciences Research Group, Faculty of Economic and Social Sciences, Budapest University of Technology and Economics, BME Building Q, Magyar tud\u00f3sok k\u00f6r\u00fatja 2, H-1117, Budapest, Hungary.<\/p>\n<p>e-mail: <a title=\"mailto:szmartonbence@gmail.com\" href=\"mailto:szmartonbence@gmail.com\" data-linkindex=\"1\">szmartonbence@gmail.com<\/a><\/p>\n<p>Google site:\u00a0<a title=\"https:\/\/sites.google.com\/view\/szmartonbence\/home\" href=\"https:\/\/sites.google.com\/view\/szmartonbence\/home\" data-auth=\"NotApplicable\" data-linkindex=\"0\">https:\/\/sites.google.com\/view\/szmartonbence\/home<\/a><\/p>\n<h5 id=\"resint\">Research interests<\/h5>\n<p>International Relations, Formal Political Theory, Conflict Theory and Game Theory.<\/p>\n<h5 id=\"wip\"><\/h5>\n<div class=\"page\" title=\"Page 1\">\n<div class=\"layoutArea\">\n<div class=\"column\"><\/div>\n<\/div>\n<\/div>\n","protected":false},"excerpt":{"rendered":"<p>Contact \u00a0\u00a0 Research interests \u00a0\u00a0 Publications \u00a0\u00a0 Work in progress M\u00e1rton Szab\u00f3 has been a postdoctoral researcher at the QSMS Research Centre of Budapest University of Technology and Economics (BME) since Fall 2025. He completed his PhD in Political Science at the University of Rochester under the supervision of Mark Fey in 2024. In the &hellip; <a href=\"https:\/\/qsms.bme.hu\/index.php\/marton-szabo\/\" class=\"more-link\">Continue reading<span class=\"screen-reader-text\"> &#8220;M\u00e1rton Szab\u00f3&#8221;<\/span><\/a><\/p>\n","protected":false},"author":15,"featured_media":0,"parent":0,"menu_order":0,"comment_status":"closed","ping_status":"closed","template":"","meta":{"footnotes":""},"class_list":["post-1900","page","type-page","status-publish","hentry"],"_links":{"self":[{"href":"https:\/\/qsms.bme.hu\/index.php\/wp-json\/wp\/v2\/pages\/1900","targetHints":{"allow":["GET"]}}],"collection":[{"href":"https:\/\/qsms.bme.hu\/index.php\/wp-json\/wp\/v2\/pages"}],"about":[{"href":"https:\/\/qsms.bme.hu\/index.php\/wp-json\/wp\/v2\/types\/page"}],"author":[{"embeddable":true,"href":"https:\/\/qsms.bme.hu\/index.php\/wp-json\/wp\/v2\/users\/15"}],"replies":[{"embeddable":true,"href":"https:\/\/qsms.bme.hu\/index.php\/wp-json\/wp\/v2\/comments?post=1900"}],"version-history":[{"count":4,"href":"https:\/\/qsms.bme.hu\/index.php\/wp-json\/wp\/v2\/pages\/1900\/revisions"}],"predecessor-version":[{"id":1908,"href":"https:\/\/qsms.bme.hu\/index.php\/wp-json\/wp\/v2\/pages\/1900\/revisions\/1908"}],"wp:attachment":[{"href":"https:\/\/qsms.bme.hu\/index.php\/wp-json\/wp\/v2\/media?parent=1900"}],"curies":[{"name":"wp","href":"https:\/\/api.w.org\/{rel}","templated":true}]}}