{"id":1891,"date":"2025-05-27T20:58:19","date_gmt":"2025-05-27T20:58:19","guid":{"rendered":"https:\/\/qsms.bme.hu\/?page_id=1891"},"modified":"2025-09-17T20:09:37","modified_gmt":"2025-09-17T20:09:37","slug":"artem","status":"publish","type":"page","link":"https:\/\/qsms.bme.hu\/index.php\/artem\/","title":{"rendered":"Artem Razumovskii"},"content":{"rendered":"<p><a href=\"#contact\">Contact<\/a> \u00a0\u00a0 <a href=\"#resint\">Research interests<\/a> \u00a0\u00a0 <a href=\"#pub\">Publications<\/a> \u00a0\u00a0 <a href=\"#wip\">Work in progress<\/a><\/p>\n<figure class=\"wp-block-image size-large\"><img loading=\"lazy\" decoding=\"async\" class=\"wp-image-1892 size-medium alignleft\" src=\"http:\/\/qsms.bme.hu\/wp-content\/uploads\/2025\/05\/DSC01691-1.2x1-250x300.jpg\" alt=\"\" width=\"250\" height=\"300\" srcset=\"https:\/\/qsms.bme.hu\/wp-content\/uploads\/2025\/05\/DSC01691-1.2x1-250x300.jpg 250w, https:\/\/qsms.bme.hu\/wp-content\/uploads\/2025\/05\/DSC01691-1.2x1-853x1024.jpg 853w, https:\/\/qsms.bme.hu\/wp-content\/uploads\/2025\/05\/DSC01691-1.2x1-768x922.jpg 768w, https:\/\/qsms.bme.hu\/wp-content\/uploads\/2025\/05\/DSC01691-1.2x1-1280x1536.jpg 1280w, https:\/\/qsms.bme.hu\/wp-content\/uploads\/2025\/05\/DSC01691-1.2x1-1706x2048.jpg 1706w, https:\/\/qsms.bme.hu\/wp-content\/uploads\/2025\/05\/DSC01691-1.2x1-1200x1440.jpg 1200w, https:\/\/qsms.bme.hu\/wp-content\/uploads\/2025\/05\/DSC01691-1.2x1-417x500.jpg 417w\" sizes=\"auto, (max-width: 250px) 85vw, 250px\" \/><\/figure>\n<p><span data-olk-copy-source=\"MessageBody\">Artem Razumovskii is a Postdoctoral Researcher\u00a0in the Quantitative Social and Management Sciences Research Centre at the Faculty of Economic and Social Sciences of the Budapest University of Technology and Economics. During his PhD at CERGE-EI, Prague, he studied the behaviour of time-inconsistent agents under the interim deadline under the supervision of Prof. Jan Zapal. His research interests are Microeconomics Theory, Behavioural Economics, Game Theory, and Experimental Economics<\/span>. &gt;&gt;&gt;<a href=\"https:\/\/sites.google.com\/view\/artemrazumovskii\/\" target=\"_blank\" rel=\"noopener noreferrer\">download_CV<\/a><\/p>\n<h5 id=\"contact\">Contact details<\/h5>\n<p>QA326, Faculty of Economic and Social Sciences, Budapest University of Technology and Economics, Magyar tud\u00f3sok k\u00f6r\u00fatja 2, H-1117 Budapest. <a href=\"razumovskii.artem@gtk.bme.hu\">razumovskii.artem@gtk.bme.hu<\/a><\/p>\n<p>Google Scholar, ResearchGate, ORCID, Scopus<\/p>\n<h5 id=\"resint\">Research interests<\/h5>\n<p>microeconomics theory, behavioural economics, game theory, experimental economics<\/p>\n<h5 id=\"pub\">Publications<\/h5>\n<p>&nbsp;<\/p>\n<h5 id=\"wip\"><span style=\"color: inherit; font-size: 19px; font-weight: 900;\">Work in progress<\/span><\/h5>\n<div class=\"page\" title=\"Page 1\">\n<div class=\"layoutArea\">\n<div class=\"column\"><\/div>\n<\/div>\n<\/div>\n","protected":false},"excerpt":{"rendered":"<p>Contact \u00a0\u00a0 Research interests \u00a0\u00a0 Publications \u00a0\u00a0 Work in progress Artem Razumovskii is a Postdoctoral Researcher\u00a0in the Quantitative Social and Management Sciences Research Centre at the Faculty of Economic and Social Sciences of the Budapest University of Technology and Economics. During his PhD at CERGE-EI, Prague, he studied the behaviour of time-inconsistent agents under the &hellip; <a href=\"https:\/\/qsms.bme.hu\/index.php\/artem\/\" class=\"more-link\">Continue reading<span class=\"screen-reader-text\"> &#8220;Artem Razumovskii&#8221;<\/span><\/a><\/p>\n","protected":false},"author":15,"featured_media":0,"parent":0,"menu_order":0,"comment_status":"closed","ping_status":"closed","template":"","meta":{"footnotes":""},"class_list":["post-1891","page","type-page","status-publish","hentry"],"_links":{"self":[{"href":"https:\/\/qsms.bme.hu\/index.php\/wp-json\/wp\/v2\/pages\/1891","targetHints":{"allow":["GET"]}}],"collection":[{"href":"https:\/\/qsms.bme.hu\/index.php\/wp-json\/wp\/v2\/pages"}],"about":[{"href":"https:\/\/qsms.bme.hu\/index.php\/wp-json\/wp\/v2\/types\/page"}],"author":[{"embeddable":true,"href":"https:\/\/qsms.bme.hu\/index.php\/wp-json\/wp\/v2\/users\/15"}],"replies":[{"embeddable":true,"href":"https:\/\/qsms.bme.hu\/index.php\/wp-json\/wp\/v2\/comments?post=1891"}],"version-history":[{"count":4,"href":"https:\/\/qsms.bme.hu\/index.php\/wp-json\/wp\/v2\/pages\/1891\/revisions"}],"predecessor-version":[{"id":1911,"href":"https:\/\/qsms.bme.hu\/index.php\/wp-json\/wp\/v2\/pages\/1891\/revisions\/1911"}],"wp:attachment":[{"href":"https:\/\/qsms.bme.hu\/index.php\/wp-json\/wp\/v2\/media?parent=1891"}],"curies":[{"name":"wp","href":"https:\/\/api.w.org\/{rel}","templated":true}]}}