{"id":1628,"date":"2023-09-21T21:46:37","date_gmt":"2023-09-21T21:46:37","guid":{"rendered":"https:\/\/qsms.bme.hu\/?page_id=1628"},"modified":"2023-09-24T18:26:20","modified_gmt":"2023-09-24T18:26:20","slug":"hector-hermida-rivera","status":"publish","type":"page","link":"https:\/\/qsms.bme.hu\/index.php\/hector-hermida-rivera\/","title":{"rendered":"H\u00e9ctor Hermida Rivera"},"content":{"rendered":"<p><a href=\"#contact\">Contact<\/a> \u00a0\u00a0 <a href=\"#resint\">Research interests<\/a> \u00a0\u00a0 <a href=\"#pub\">Publications<\/a> \u00a0\u00a0 <a href=\"#wip\">Work in progress<\/a><\/p>\n<figure class=\"wp-block-image size-large\"><img loading=\"lazy\" decoding=\"async\" class=\"wp-image-1633  alignleft\" src=\"http:\/\/qsms.bme.hu\/wp-content\/uploads\/2023\/09\/hector_hermida_rivera-1-296x300.png\" alt=\"\" width=\"230\" height=\"234\" srcset=\"https:\/\/qsms.bme.hu\/wp-content\/uploads\/2023\/09\/hector_hermida_rivera-1-296x300.png 296w, https:\/\/qsms.bme.hu\/wp-content\/uploads\/2023\/09\/hector_hermida_rivera-1-1009x1024.png 1009w, https:\/\/qsms.bme.hu\/wp-content\/uploads\/2023\/09\/hector_hermida_rivera-1-768x779.png 768w, https:\/\/qsms.bme.hu\/wp-content\/uploads\/2023\/09\/hector_hermida_rivera-1.png 1042w\" sizes=\"auto, (max-width: 230px) 85vw, 230px\" \/><\/figure>\n<p>H\u00e9ctor Hermida Rivera is a postdoctoral researcher at the QSMS Research Group at the Budapest University of Technology and Economics. He did his BSc in Political and Administration Sciences at Universitat Pompeu Fabra (Spain), followed by an MSc in Political Economy at the University of Essex (UK) and an MPhil in Economic Analysis at Universitat Aut\u00f2noma de Barcelona (Spain). He then completed his PhD in Economics at the University of East Anglia (UK) under the supervision of Ben McQuillin and Mich Tvede. His PhD Thesis explores three problems at the intersection of mechanism design and cooperative game theory. &gt;&gt;&gt;<a href=\"https:\/\/drive.google.com\/file\/d\/1U52WtfZQt0LltKnNHPnS9Ce1F0kYY_Sz\/view?pli=1\" target=\"_blank\" rel=\"noopener noreferrer\">download_CV<\/a><\/p>\n<h5 id=\"contact\">Contact details<\/h5>\n<p>QA327 Quantitative Social and Management Sciences Research Group, Faculty of Economic and Social Sciences, Budapest University of Technology and Economics, BME Building Q, Magyar tud\u00f3sok k\u00f6r\u00fatja 2, H-1117, Budapest, Hungary. <a href=\"mailto:hermida.rivera.hector@gtk.bme.hu\">hermida.rivera.hector@gtk.bme.hu<\/a><\/p>\n<p><a href=\"http:\/\/www.hectorhermidarivera.com\">www.hectorhermidarivera.com<\/a><\/p>\n<h5 id=\"contact\">Academic databases<\/h5>\n<p><a href=\"https:\/\/scholar.google.com\/citations?user=eoXi8yYAAAAJ&amp;hl=en&amp;oi=ao\">Google Scholar<\/a>, <a href=\"https:\/\/www.researchgate.net\/profile\/Hector-Hermida-Rivera\">ResearchGate<\/a>, <a href=\"https:\/\/orcid.org\/0000-0003-4835-2884\">ORCID<\/a>, <a href=\"https:\/\/www.linkedin.com\/in\/hectorhermidarivera\/\">LinkedIn<\/a><\/p>\n<h5 id=\"resint\">Research interests<\/h5>\n<p>Game Theory, Mechanism Design, Social Choice Theory and Political Economy<\/p>\n<h5 id=\"pub\">Publications<\/h5>\n<p>GENOVESE, F. &amp; HERMIDA-RIVERA, H. (2022). \u201c<a href=\"https:\/\/www.tandfonline.com\/doi\/full\/10.1080\/03050629.2022.2090936\">Government Partisanship &amp; Bailout Conditionality in the European Financial Crisis<\/a>\u201d. International Interactions, 48.5, pp. 897-935<\/p>\n<h5 id=\"wip\"><span style=\"color: inherit; font-size: 19px; font-weight: 900;\">Working papers<\/span><\/h5>\n<ul>\n<li>HERMIDA-RIVERA, H. (2023). Stable Voting Rules.<\/li>\n<li>HERMIDA-RIVERA, H. (2023). A Generalised Implementation Problem.<\/li>\n<li>HERMIDA-RIVERA, H. (2023). The Implementability of Cooperative Solutions.<\/li>\n<li>HERMIDA-RIVERA, H. (2023). Bargaining Foundations of Consistent Values.<\/li>\n<\/ul>\n<div class=\"page\" title=\"Page 1\">\n<div class=\"layoutArea\">\n<div class=\"column\"><\/div>\n<\/div>\n<\/div>\n","protected":false},"excerpt":{"rendered":"<p>Contact \u00a0\u00a0 Research interests \u00a0\u00a0 Publications \u00a0\u00a0 Work in progress H\u00e9ctor Hermida Rivera is a postdoctoral researcher at the QSMS Research Group at the Budapest University of Technology and Economics. He did his BSc in Political and Administration Sciences at Universitat Pompeu Fabra (Spain), followed by an MSc in Political Economy at the University of &hellip; <a href=\"https:\/\/qsms.bme.hu\/index.php\/hector-hermida-rivera\/\" class=\"more-link\">Continue reading<span class=\"screen-reader-text\"> &#8220;H\u00e9ctor Hermida Rivera&#8221;<\/span><\/a><\/p>\n","protected":false},"author":15,"featured_media":0,"parent":0,"menu_order":0,"comment_status":"closed","ping_status":"closed","template":"","meta":{"footnotes":""},"class_list":["post-1628","page","type-page","status-publish","hentry"],"_links":{"self":[{"href":"https:\/\/qsms.bme.hu\/index.php\/wp-json\/wp\/v2\/pages\/1628","targetHints":{"allow":["GET"]}}],"collection":[{"href":"https:\/\/qsms.bme.hu\/index.php\/wp-json\/wp\/v2\/pages"}],"about":[{"href":"https:\/\/qsms.bme.hu\/index.php\/wp-json\/wp\/v2\/types\/page"}],"author":[{"embeddable":true,"href":"https:\/\/qsms.bme.hu\/index.php\/wp-json\/wp\/v2\/users\/15"}],"replies":[{"embeddable":true,"href":"https:\/\/qsms.bme.hu\/index.php\/wp-json\/wp\/v2\/comments?post=1628"}],"version-history":[{"count":4,"href":"https:\/\/qsms.bme.hu\/index.php\/wp-json\/wp\/v2\/pages\/1628\/revisions"}],"predecessor-version":[{"id":1640,"href":"https:\/\/qsms.bme.hu\/index.php\/wp-json\/wp\/v2\/pages\/1628\/revisions\/1640"}],"wp:attachment":[{"href":"https:\/\/qsms.bme.hu\/index.php\/wp-json\/wp\/v2\/media?parent=1628"}],"curies":[{"name":"wp","href":"https:\/\/api.w.org\/{rel}","templated":true}]}}