{"id":1304,"date":"2022-06-01T06:45:07","date_gmt":"2022-06-01T06:45:07","guid":{"rendered":"http:\/\/qsms.bme.hu\/?page_id=1304"},"modified":"2025-09-18T07:56:10","modified_gmt":"2025-09-18T07:56:10","slug":"researchers","status":"publish","type":"page","link":"https:\/\/qsms.bme.hu\/index.php\/researchers\/","title":{"rendered":"Researchers"},"content":{"rendered":"<h5>Members of the QSMS Research Group<\/h5>\n<h6>Senior Research Fellows:<\/h6>\n<ul>\n<li><a href=\"http:\/\/qsms.bme.hu\/index.php\/imre-dobos\/\"><em>Imre Dobos<\/em><\/a> (<em>production\/operations management, operations research, inventory management<\/em>)<\/li>\n<li><a href=\"http:\/\/qsms.bme.hu\/index.php\/bela-janky\/\"><em>B\u00e9la Janky<\/em><\/a>\u00a0(<em>ethnic stereotypes, acculturation, rational choice theory <\/em>)<\/li>\n<li><a href=\"http:\/\/qsms.bme.hu\/index.php\/koczy\/\"><em>L\u00e1szl\u00f3 \u00c1. K\u00f3czy <\/em><\/a><em>(<strong>director<\/strong>; game theory, social choice theory, voting, energy economics)<\/em><\/li>\n<li><a href=\"http:\/\/qsms.bme.hu\/index.php\/koltai\/\"><em>Tam\u00e1s Koltai<\/em><\/a> (<em>production planning and scheduling, production management, operations management<\/em>)<\/li>\n<li><a href=\"http:\/\/qsms.bme.hu\/index.php\/somogyi\/\"><em>R\u00f3bert Somogyi<\/em><\/a><em>\u00a0(microeconomic theory, industrial organization, digital economics)<\/em><\/li>\n<li><a href=\"http:\/\/qsms.bme.hu\/index.php\/szakadat\/\"><em>Istv\u00e1n Szakad\u00e1t<\/em><\/a>\u00a0(<em>theory of action,\u00a0game theory, digital culture<\/em>)<\/li>\n<li><a href=\"http:\/\/qsms.bme.hu\/index.php\/szamado\/\"><em>Szabolcs Sz\u00e1mad\u00f3<\/em><\/a> (<em>honesty of communication<\/em>)<\/li>\n<li><a href=\"http:\/\/qsms.bme.hu\/index.php\/zilahy\/\"><em>Gyula Zilahy<\/em><\/a> (s<em>ustainable business models, sustainable development in business, sustainable consumption<\/em>)<\/li>\n<\/ul>\n<h6>Research Fellows:<\/h6>\n<ul>\n<li><a href=\"http:\/\/qsms.bme.hu\/index.php\/aslan\/\"><em>Fatma Aslan<\/em><\/a><em> (matching theory, market design, social choice theory, voting, experimental economics)<\/em><\/li>\n<li><em><a href=\"http:\/\/qsms.bme.hu\/index.php\/noe-ciet\">No\u00e9 Ciet<\/a> (industrial organization, digital economics, banking regulation and empirical banking)<\/em><\/li>\n<li><em><a href=\"http:\/\/qsms.bme.hu\/index.php\/imre-dimeny\/\">Imre Dim\u00e9ny<\/a> (linear programming sensitivity analysis, assembly line balancing)<\/em><\/li>\n<li><em><a href=\"https:\/\/qsms.bme.hu\/index.php\/myrto-kasioumi\/\">Myrto Kasioumi<\/a> (environmental economics, macroeconomic theory, applied econometrics)<\/em><\/li>\n<li><em><a href=\"https:\/\/qsms.bme.hu\/index.php\/pinaki-mandal\/\">Pinaki Mandal<\/a> (game theory, matching, mechanism design)<\/em><\/li>\n<li><em><a href=\"https:\/\/qsms.bme.hu\/index.php\/artem\/\">Artem Razumovskii<\/a> (microeconomics theory, behavioural economics, game theory, experimental economics)<\/em><\/li>\n<li><em><a href=\"https:\/\/qsms.bme.hu\/index.php\/hector-hermida-rivera\/\">H\u00e9ctor Hermida Rivera<\/a> (game theory, mechanism design, social choice theory and political economy)<\/em><\/li>\n<li><em><a href=\"https:\/\/qsms.bme.hu\/index.php\/christopher-stapenhurst\/\">Christopher Stapenhurst<\/a><\/em>\u00a0<em>(microeconomic theory, applied statistics, environmental economics)<\/em><\/li>\n<li><a href=\"https:\/\/qsms.bme.hu\/index.php\/marton-szabo\/\"><em>M\u00e1rton Szab\u00f3<\/em><\/a> (<em>international relations, formal political theory, conflict theory,\u00a0 game theory<\/em>)<\/li>\n<\/ul>\n\n\n<p><\/p>\n","protected":false},"excerpt":{"rendered":"<p>Members of the QSMS Research Group Senior Research Fellows: Imre Dobos (production\/operations management, operations research, inventory management) B\u00e9la Janky\u00a0(ethnic stereotypes, acculturation, rational choice theory ) L\u00e1szl\u00f3 \u00c1. K\u00f3czy (director; game theory, social choice theory, voting, energy economics) Tam\u00e1s Koltai (production planning and scheduling, production management, operations management) R\u00f3bert Somogyi\u00a0(microeconomic theory, industrial organization, digital economics) Istv\u00e1n &hellip; <a href=\"https:\/\/qsms.bme.hu\/index.php\/researchers\/\" class=\"more-link\">Continue reading<span class=\"screen-reader-text\"> &#8220;Researchers&#8221;<\/span><\/a><\/p>\n","protected":false},"author":15,"featured_media":0,"parent":0,"menu_order":0,"comment_status":"closed","ping_status":"closed","template":"","meta":{"footnotes":""},"class_list":["post-1304","page","type-page","status-publish","hentry"],"_links":{"self":[{"href":"https:\/\/qsms.bme.hu\/index.php\/wp-json\/wp\/v2\/pages\/1304","targetHints":{"allow":["GET"]}}],"collection":[{"href":"https:\/\/qsms.bme.hu\/index.php\/wp-json\/wp\/v2\/pages"}],"about":[{"href":"https:\/\/qsms.bme.hu\/index.php\/wp-json\/wp\/v2\/types\/page"}],"author":[{"embeddable":true,"href":"https:\/\/qsms.bme.hu\/index.php\/wp-json\/wp\/v2\/users\/15"}],"replies":[{"embeddable":true,"href":"https:\/\/qsms.bme.hu\/index.php\/wp-json\/wp\/v2\/comments?post=1304"}],"version-history":[{"count":20,"href":"https:\/\/qsms.bme.hu\/index.php\/wp-json\/wp\/v2\/pages\/1304\/revisions"}],"predecessor-version":[{"id":1915,"href":"https:\/\/qsms.bme.hu\/index.php\/wp-json\/wp\/v2\/pages\/1304\/revisions\/1915"}],"wp:attachment":[{"href":"https:\/\/qsms.bme.hu\/index.php\/wp-json\/wp\/v2\/media?parent=1304"}],"curies":[{"name":"wp","href":"https:\/\/api.w.org\/{rel}","templated":true}]}}