{"id":1301,"date":"2022-06-01T06:41:43","date_gmt":"2022-06-01T06:41:43","guid":{"rendered":"http:\/\/qsms.bme.hu\/?page_id=1301"},"modified":"2022-06-01T06:41:43","modified_gmt":"2022-06-01T06:41:43","slug":"bela-janky","status":"publish","type":"page","link":"https:\/\/qsms.bme.hu\/index.php\/bela-janky\/","title":{"rendered":"B\u00e9la Janky"},"content":{"rendered":"<p><a href=\"#contact\">Contact<\/a>&nbsp; &nbsp; &nbsp; &nbsp; &nbsp;<a href=\"#resint\">Interests<\/a>&nbsp; &nbsp; &nbsp; &nbsp; &nbsp; &nbsp;<a href=\"#selpub\">Publications<\/a>&nbsp; &nbsp; &nbsp; &nbsp; &nbsp;<a href=\"#wip\">Work in progress<\/a>&nbsp; &nbsp; &nbsp;&nbsp;<a href=\"#phd\">Ph.D. students<\/a>&nbsp; &nbsp; &nbsp; &nbsp; &nbsp; <a href=\"#respro\">Projects for students<\/a><\/p>\n<p><img loading=\"lazy\" decoding=\"async\" class=\"size-full wp-image-956 alignleft\" src=\"http:\/\/qsms.bme.hu\/wp-content\/uploads\/2020\/09\/janky.jpg\" alt=\"\" width=\"240\" height=\"240\" srcset=\"https:\/\/qsms.bme.hu\/wp-content\/uploads\/2020\/09\/janky.jpg 240w, https:\/\/qsms.bme.hu\/wp-content\/uploads\/2020\/09\/janky-150x150.jpg 150w\" sizes=\"auto, (max-width: 240px) 85vw, 240px\" \/>Studied sociology and economics in Budapest, finishing his PhD on solidarity and welfare preferences in 2003. He has published two books and almost hundred papers in scholarly journals and books, covering a wide range of issues, including collective action theory, the role of moral considerations in public policy attitudes and the situation of the Roma of Hungary. In the past five years, he has started to connect the issues of policy attitudes, ethnicity and issue-framing. He developed theoretical models and conducted experiments using vignettes, and has published papers in international field journals in recent years (Janky &amp; Varga 2013, Horv\u00e1th &amp; Janky 2014, Janky et al. 2014, Csepeli et al. 2014, Janky 2016, 2017). Currently, he is the principal investigator of the research project on \u201cWelfare attitudes: General moral principles, issue framing and survey design\u201d, and departmental coordinator of the Sustainable Energetics Research University Program.&nbsp; &gt;&gt;&gt;<a href=\"https:\/\/qsms.bme.hu\/wp-content\/uploads\/2018\/10\/Janky_CV18.pdf\">download_CV<\/a><\/p>\n<p><a href=\"https:\/\/vm.mtmt.hu\/www\/index.php?AuthorID=10011452&amp;lang=1\" rel=\"attachment wp-att-150\"><img loading=\"lazy\" decoding=\"async\" class=\"size-medium wp-image-150 alignleft\" src=\"https:\/\/qsms.bme.hu\/wp-content\/uploads\/2018\/10\/mtmt1-300x300.png\" alt=\"\" width=\"25\" height=\"25\" srcset=\"https:\/\/qsms.bme.hu\/wp-content\/uploads\/2018\/10\/mtmt1-300x300.png 300w, https:\/\/qsms.bme.hu\/wp-content\/uploads\/2018\/10\/mtmt1-150x150.png 150w, https:\/\/qsms.bme.hu\/wp-content\/uploads\/2018\/10\/mtmt1.png 351w\" sizes=\"auto, (max-width: 25px) 85vw, 25px\" \/><\/a><a href=\"https:\/\/bme.academia.edu\/B%C3%A9laJankyIfj\"><img loading=\"lazy\" decoding=\"async\" class=\"alignleft\" src=\"https:\/\/qsms.bme.hu\/wp-content\/uploads\/2018\/10\/aedu.png\" alt=\"Academia.edu logo\" width=\"25\" height=\"25\"><\/a><a href=\"http:\/\/scholar.google.hu\/citations?user=MAEd7I0AAAAJ\"><img loading=\"lazy\" decoding=\"async\" class=\"size-full wp-image-147 alignleft\" src=\"https:\/\/qsms.bme.hu\/wp-content\/uploads\/2018\/10\/google.png\" alt=\"\" width=\"25\" height=\"25\"><\/a><\/p>\n<p><a href=\"http:\/\/www.researcherid.com\/rid\/H-4700-2012\" rel=\"attachment wp-att-151\"><img loading=\"lazy\" decoding=\"async\" class=\"size-medium wp-image-151 alignleft\" src=\"https:\/\/qsms.bme.hu\/wp-content\/uploads\/2018\/10\/orcid.png\" alt=\"\" width=\"25\" height=\"25\" srcset=\"https:\/\/qsms.bme.hu\/wp-content\/uploads\/2018\/10\/orcid.png 225w, https:\/\/qsms.bme.hu\/wp-content\/uploads\/2018\/10\/orcid-150x150.png 150w\" sizes=\"auto, (max-width: 25px) 85vw, 25px\" \/><\/a><a href=\"https:\/\/www.researchgate.net\/profile\/Bela_Janky\"><img loading=\"lazy\" decoding=\"async\" class=\"alignleft\" src=\"https:\/\/qsms.bme.hu\/wp-content\/uploads\/2018\/10\/researchgate-300x295.png\" alt=\"\" width=\"25\" height=\"25\"><\/a><\/p>\n<h5 id=\"contact\">Contact details<\/h5>\n<p>E.710, Department of Sociology and Communication, Faculty of Economic and Social Sciences, Budapest University of Technology and Economics,&nbsp;Egry J. u. 1., H-1111, Budapest.&nbsp;<a href=\"mailto:Janky.Bela@tk.mta.hu\">janky.bela@tk.mta.hu<\/a><\/p>\n<h5 id=\"resint\">Research interests<\/h5>\n<div class=\"page-content\">\n<p>Ethnic stereotpes, attitudes towards the poor, the roma population of Hungary, acculturation, rational choice theory<\/p>\n<\/div>\n<h5 id=\"selpub\">Selected publications<\/h5>\n<ul>\n<li>Herke Bogl\u00e1rka &amp; Janky B\u00e9la (2022). The Role of the Deservingness Criteria in the case of Single Mothers\u2019 Perceived Welfare Deservingness in Hungary.<em> Journal of Social Policy<\/em>.<\/li>\n<li>Janky B\u00e9la, Kocsis J\u00e1nos Bal\u00e1zs (2022). Really Trapped in the Heat?: Accounting for Occupants&#8217; Efforts in Panel Apartment Blocks. <em>Periodica Polytechnica Social and Management Sciences<\/em>.<\/li>\n<li>Kisfalusi&nbsp; Dorottya, Janky B\u00e9la, Tak\u00e1cs K\u00e1roly (2021). Grading in Hungarian Primary Schools: Mechanisms of Ethnic Discrimination against Roma Students. <em>European Sociological Review 37<\/em>: 899-917.<\/li>\n<li>Janky B\u00e9la (2020). Erk\u00f6lcs, racionalit\u00e1s, k\u00f6z\u00f6ss\u00e9g: A mor\u00e1lis dilemm\u00e1k egy szociol\u00f3giai elm\u00e9lete. <em>Gondolat Kiad\u00f3, Budapest, Magyarorsz\u00e1g.<\/em><\/li>\n<li>Janky B\u00e9la (2019). \u00d6sszj\u00e1t\u00e9k. Erk\u00f6lcs \u00e9s racionalit\u00e1s.: Egy kutat\u00e1si program reg\u00e9nye. <em>Gondolat Kiad\u00f3, Budapest, Magyarorsz\u00e1g<\/em>.<\/li>\n<li>Janky B\u00e9la (2019). Changing Connotations and the Evolution of the Effect of Wording: Labeling Asylum-seekers in a Political Campaign. <em>International Journal of Public Opinion Research<\/em> 31: 714-737<\/li>\n<li>Kisfalusi Dorottya, Janky B\u00e9la &amp; Tak\u00e1cs K\u00e1roly (2018). <a href=\"https:\/\/doi.org\/10.1177\/0272431618791278\">Double Standards or Social Identity? The Role of Gender and Ethnicity in Ability Perceptions in the Classroom<\/a>. <em>Journal of Early Adolescence<\/em> online first: 1-36.<\/li>\n<li>Janky B\u00e9la &amp; Tak\u00e1cs K\u00e1roly (2010). Efficient and Inefficient Social Control in Collective Action. <em>CEU Political Science Journal<\/em> 5(3): 315-354.<\/li>\n<li style=\"font-weight: 400;\">Janky B\u00e9la, Bak\u00f3 Bogl\u00e1rka, Szil\u00e1gyi P\u00e9ter, Bogn\u00e1r Adrienn:&nbsp;Stigmatising the Poor Without Negative Images, SOCIOLOGICAL RESEARCH ONLINE 19: (3) Paper 4.&nbsp;10 p. 2014<\/li>\n<li style=\"font-weight: 400;\">Janky B\u00e9la, Lengyel Gy\u00f6rgy:&nbsp;Contractual Trust: The Long Shadow of the Shadow Economy, In: Szerk.: Katharina Bluhm, Szerk.: Bernd Martens, Szerk.: Vera Trappmann Business Leaders and New Varieties of Capitalism in Post-Communist Europe. Oxford: Routledge, 2013. pp. 134-147. 2013<\/li>\n<li style=\"font-weight: 400;\">Janky B\u00e9la, Varga D\u00e1niel:&nbsp;The poverty assistance paradox, ECONOMICS LETTERS 120: (3) pp. 447-449. 2013<\/li>\n<li style=\"font-weight: 400;\">Andrea D\u00fall, B\u00e9la Janky:&nbsp;Environmental Attitudes and Household Electricity Use among Budapest Residents, INTERNATIONAL REVIEW OF SOCIAL RESEARCH 1: (3) pp. 115-131. 2011<\/li>\n<li style=\"font-weight: 400;\">Tak\u00e1cs K\u00e1roly, Janky B\u00e9la, Flache Andreas:&nbsp;Collective Action and Network Change, SOCIAL NETWORKS 30: pp. 177-189. 2008<\/li>\n<li style=\"font-weight: 400;\">Tak\u00e1cs K, Janky B.:&nbsp;Smiling Contributions: Social Control in a Public Goods Game with Network Decline, PHYSICA A &#8211; STATISTICAL MECHANICS AND ITS APPLICATIONS 378: (1) pp. 76-82. pp. 76-82. 2007<\/li>\n<li>Janky B\u00e9la (2007). Social Structure, Transition and Public Attitudes towards Tax Evasion in Hungary. In: Nicolas Hayoz, Simon Hug (szerk.), <em>Tax Evasion, Trust, and State Capacities.<\/em> Bern: Peter Lang Verlag, pp. 269-287.<\/li>\n<li>Kem\u00e9ny Istv\u00e1n &amp; Janky B\u00e9la (2005). Roma Population of Hungary 1971-2003. In: Kem\u00e9ny Istv\u00e1n (ed.) <em>Roma of Hungary<\/em> New York: Social Science Monographs; Atlantic Research and Publications; Columbia University Press, pp. 70-225.<\/li>\n<\/ul>\n<h5 id=\"wip\">Work in progress<\/h5>\n<ul>\n<li>Janky B\u00e9la (2018). Changing connotations and the evolution of the effect of wording. Manuscript under review.<\/li>\n<li>Janky B\u00e9la (2018). Salience of partisan identity and social attitudes: A sociological perspective. Pre-registered research (<a href=\"https:\/\/egap.org\/registration\/4372\">https:\/\/egap.org\/registration\/4372<\/a>) and manuscript.<\/li>\n<li>Janky B\u00e9la, Kmetty Zolt\u00e1n &amp; Szab\u00f3 Gabriella (2018). Little room for echo chambers: Egocentric publics and political opinion formation among Facebook users.<\/li>\n<li>Janky B\u00e9la (2018).&nbsp; Household chores: Testing gender role asymmetry. Pre-registered research (<a href=\"https:\/\/osf.io\/k9dtw\/register\/565fb3678c5e4a66b5582f67\">https:\/\/osf.io\/k9dtw\/register\/565fb3678c5e4a66b5582f67<\/a>)<\/li>\n<li>Janky B\u00e9la (2018). Household chores: Testing the effect of the salience of gender identity. Pre-registered research (<a href=\"https:\/\/osf.io\/p9eb8\/register\/565fb3678c5e4a66b5582f67\">https:\/\/osf.io\/p9eb8\/register\/565fb3678c5e4a66b5582f67<\/a>).<\/li>\n<li>Janky B\u00e9la (2018). The moral citizen. Book in progress (in Hungarian)<\/li>\n<\/ul>\n<h5 id=\"phd\">Ph.D. students<\/h5>\n<ul>\n<li>Bogl\u00e1rka Luca Herge (Corvinus University Budapest, expected: 2020)<\/li>\n<li>Csongor Hajdu (Corvinus University Budapest, 2016)<\/li>\n<li>Katalin Monostori (Corvinus University Budapest, 2008)<\/li>\n<\/ul>\n<h5 id=\"respro\">Research projects for students<\/h5>\n<ul>\n<li>Social interaction and communication in organizations<\/li>\n<\/ul>\n","protected":false},"excerpt":{"rendered":"<p>Contact&nbsp; &nbsp; &nbsp; &nbsp; &nbsp;Interests&nbsp; &nbsp; &nbsp; &nbsp; &nbsp; &nbsp;Publications&nbsp; &nbsp; &nbsp; &nbsp; &nbsp;Work in progress&nbsp; &nbsp; &nbsp;&nbsp;Ph.D. students&nbsp; &nbsp; &nbsp; &nbsp; &nbsp; Projects for students Studied sociology and economics in Budapest, finishing his PhD on solidarity and welfare preferences in 2003. He has published two books and almost hundred papers in scholarly journals and &hellip; <a href=\"https:\/\/qsms.bme.hu\/index.php\/bela-janky\/\" class=\"more-link\">Continue reading<span class=\"screen-reader-text\"> &#8220;B\u00e9la Janky&#8221;<\/span><\/a><\/p>\n","protected":false},"author":15,"featured_media":0,"parent":0,"menu_order":0,"comment_status":"closed","ping_status":"closed","template":"","meta":{"footnotes":""},"class_list":["post-1301","page","type-page","status-publish","hentry"],"_links":{"self":[{"href":"https:\/\/qsms.bme.hu\/index.php\/wp-json\/wp\/v2\/pages\/1301","targetHints":{"allow":["GET"]}}],"collection":[{"href":"https:\/\/qsms.bme.hu\/index.php\/wp-json\/wp\/v2\/pages"}],"about":[{"href":"https:\/\/qsms.bme.hu\/index.php\/wp-json\/wp\/v2\/types\/page"}],"author":[{"embeddable":true,"href":"https:\/\/qsms.bme.hu\/index.php\/wp-json\/wp\/v2\/users\/15"}],"replies":[{"embeddable":true,"href":"https:\/\/qsms.bme.hu\/index.php\/wp-json\/wp\/v2\/comments?post=1301"}],"version-history":[{"count":3,"href":"https:\/\/qsms.bme.hu\/index.php\/wp-json\/wp\/v2\/pages\/1301\/revisions"}],"predecessor-version":[{"id":1306,"href":"https:\/\/qsms.bme.hu\/index.php\/wp-json\/wp\/v2\/pages\/1301\/revisions\/1306"}],"wp:attachment":[{"href":"https:\/\/qsms.bme.hu\/index.php\/wp-json\/wp\/v2\/media?parent=1301"}],"curies":[{"name":"wp","href":"https:\/\/api.w.org\/{rel}","templated":true}]}}