{"id":1291,"date":"2022-06-01T06:44:01","date_gmt":"2022-06-01T06:44:01","guid":{"rendered":"http:\/\/qsms.bme.hu\/?page_id=1291"},"modified":"2022-06-01T06:44:01","modified_gmt":"2022-06-01T06:44:01","slug":"imre-dobos","status":"publish","type":"page","link":"https:\/\/qsms.bme.hu\/index.php\/imre-dobos\/","title":{"rendered":"Imre Dobos"},"content":{"rendered":"<p><a href=\"#contact\">Contact<\/a>&nbsp; &nbsp; &nbsp; &nbsp; &nbsp;<a href=\"#resint\">Interests<\/a>&nbsp; &nbsp; &nbsp; &nbsp; &nbsp; &nbsp;<a href=\"#selpub\">Publications<\/a>&nbsp; &nbsp; &nbsp; &nbsp; &nbsp;<a href=\"#wip\">Work in progress<\/a>&nbsp; &nbsp; &nbsp;&nbsp;<a href=\"#phd\">Ph.D. students<\/a>&nbsp; &nbsp; &nbsp; &nbsp; &nbsp; <a href=\"#respro\">Projects for students<\/a><\/p>\n<p><img loading=\"lazy\" decoding=\"async\" class=\"size-medium wp-image-115 alignleft\" src=\"https:\/\/qsms.bme.hu\/wp-content\/uploads\/2018\/10\/dobos-imre-240x300.jpg\" alt=\"\" width=\"240\" height=\"300\" srcset=\"https:\/\/qsms.bme.hu\/wp-content\/uploads\/2018\/10\/dobos-imre-240x300.jpg 240w, https:\/\/qsms.bme.hu\/wp-content\/uploads\/2018\/10\/dobos-imre-768x960.jpg 768w, https:\/\/qsms.bme.hu\/wp-content\/uploads\/2018\/10\/dobos-imre-819x1024.jpg 819w, https:\/\/qsms.bme.hu\/wp-content\/uploads\/2018\/10\/dobos-imre-1200x1500.jpg 1200w\" sizes=\"auto, (max-width: 240px) 85vw, 240px\" \/><\/p>\n<p>Dr. Dobos started his carrier as economic analyst at the Institute of Water Management, Budapest in 1986. At this time he has begun to investigate environmental problems. Than he has changed in the academic sector to Budapest University of Economic Sciences. His research field was the quantitative modeling of management and inventory problems. In 1991 he has published the first article with impact factor. In 1993 he has moved to practice, as project manager at the Hungarian Telecommunicatiosn Company Ltd. Between 1994 and 2000 he has taught and researched in German universities in Frankfurt (Oder) and Bielefeld. His research interest was the environmental effects of production systems. With German colleagues he has published a number articles. In 2001 he has returned to Hungary. In Corvinus Universitiy of Budapest he has continued to work on environmental problems of supply chains. In 2018 he has changed to Budapest University of Technology and Economics. Prof. Dobos has over 20 publications in Web of Science, where the number of citations are over 430.&nbsp;&gt;&gt;&gt;<a href=\"https:\/\/qsms.bme.hu\/wp-content\/uploads\/2018\/10\/CV_English_Dobos.pdf\" target=\"_blank\" rel=\"attachment noopener wp-att-140 noreferrer\">download_CV<\/a><\/p>\n<p><a href=\"https:\/\/vm.mtmt.hu\/search\/slist.php?lang=1&amp;top10=0&amp;AuthorID=10000795\" rel=\"attachment wp-att-150\"><img loading=\"lazy\" decoding=\"async\" class=\"size-medium wp-image-150 alignleft\" src=\"https:\/\/qsms.bme.hu\/wp-content\/uploads\/2018\/10\/mtmt1-300x300.png\" alt=\"\" width=\"25\" height=\"25\" srcset=\"https:\/\/qsms.bme.hu\/wp-content\/uploads\/2018\/10\/mtmt1-300x300.png 300w, https:\/\/qsms.bme.hu\/wp-content\/uploads\/2018\/10\/mtmt1-150x150.png 150w, https:\/\/qsms.bme.hu\/wp-content\/uploads\/2018\/10\/mtmt1.png 351w\" sizes=\"auto, (max-width: 25px) 85vw, 25px\" \/><\/a><a href=\"https:\/\/scholar.google.com\/citations?user=IGChKSYAAAAJ\"><img loading=\"lazy\" decoding=\"async\" class=\"alignleft wp-image-147 \" src=\"https:\/\/qsms.bme.hu\/wp-content\/uploads\/2018\/10\/google.png\" alt=\"\" width=\"25\" height=\"25\"><\/a><a href=\"https:\/\/orcid.org\/0000-0001-6248-2920\" rel=\"attachment wp-att-151\"><img loading=\"lazy\" decoding=\"async\" class=\"alignleft wp-image-151 \" src=\"https:\/\/qsms.bme.hu\/wp-content\/uploads\/2018\/10\/orcid-150x150.png\" alt=\"\" width=\"25\" height=\"25\" srcset=\"https:\/\/qsms.bme.hu\/wp-content\/uploads\/2018\/10\/orcid-150x150.png 150w, https:\/\/qsms.bme.hu\/wp-content\/uploads\/2018\/10\/orcid.png 225w\" sizes=\"auto, (max-width: 25px) 85vw, 25px\" \/><\/a><a href=\"https:\/\/ideas.repec.org\/f\/pdo204.html\" rel=\"attachment wp-att-153\"><img loading=\"lazy\" decoding=\"async\" class=\"size-medium wp-image-153 alignleft\" src=\"https:\/\/qsms.bme.hu\/wp-content\/uploads\/2018\/10\/repec2.png\" alt=\"\" width=\"75\" height=\"26\"><\/a><a href=\"https:\/\/www.scopus.com\/authid\/detail.uri?authorId=6603837375\" rel=\"attachment wp-att-156\"><img loading=\"lazy\" decoding=\"async\" class=\"alignleft size-full wp-image-156\" src=\"https:\/\/qsms.bme.hu\/wp-content\/uploads\/2018\/10\/scopus.png\" alt=\"\" width=\"25\" height=\"25\" srcset=\"https:\/\/qsms.bme.hu\/wp-content\/uploads\/2018\/10\/scopus.png 187w, https:\/\/qsms.bme.hu\/wp-content\/uploads\/2018\/10\/scopus-150x150.png 150w\" sizes=\"auto, (max-width: 25px) 85vw, 25px\" \/><\/a><\/p>\n<h5>Contact details<\/h5>\n<ul>\n<li>QA222, Department of Economics, Faculty of Economic and Social Sciences, Budapest University of Technology and Economics, Magyar Tud\u00f3sok K\u00f6r\u00fatja 2.&nbsp;H-1117 Budapest.&nbsp;<a href=\"mailto:dobos@kgt.bme.hu\">dobos@kgt.bme.hu<\/a><\/li>\n<\/ul>\n<h5>Research Interests<\/h5>\n<ul>\n<li>Inventory management and control, reverse logistics, sustainability in logistics and supply chain management, application of operations research in business<\/li>\n<\/ul>\n<h5 id=\"selpub\">Selected publications<\/h5>\n<ul>\n<li>Tokmergenova, M., B\u00e1nhidi, Z., Dobos, I.: Analysis of I-DESI dimensions of the digital economy development of the Russian Federation and EU-28 using multivariate statistics , EKONOMIKA, 2021, 37(2), pp. 189\u2013204<\/li>\n<li>Dobos, I., V\u00f6r\u00f6smarty, G.: Supplier selection: comparison of DEA models with additive and reciprocal data, CENTRAL EUROPEAN JOURNAL OF OPERATIONS RESEARCH, 2021, 29(2), pp. 447\u2013462<\/li>\n<li>Dobos, I., V\u00f6r\u00f6smarty, G.: Green supplier selection using a common weights analysis of DEA and EOQ types of order allocation, MANAGERIAL AND DECISION ECONOMICS, 2021, 42(3), pp. 612\u2013621<\/li>\n<li>B\u00e1nhidi, Z., Dobos, I., Tokmergenova, M.: Russia\u2019s Place Vis-\u00e0-Vis the EU28 Countries in Digital Development: A Ranking Using DEA-Type Composite Indicators and the TOPSIS Method, SPRINGER PROCEEDINGS IN BUSINESS AND ECONOMICS, 2021, pp. 135\u2013146<\/li>\n<li>Dobos, I., Urbanovics, A., Sasv\u00e1ri, P.:&nbsp; A comparative analysis of business and economics publication performance in the Visegrad Group of countries, Austria and Romania, REGIONAL STATISTICS, 2021, 61(6), pp. 739\u2013768<\/li>\n<li>Dobos, I., Michalk\u00f3, G., Sasv\u00e1ri, P.:&nbsp; The Publication Performance of Hungarian Economics and Management Researchers: A Comparison with the Visegr\u00e1d 4 Countries and Romania, REGIONAL STATISTICS, 2021, 11(2), pp. 165\u2013182<\/li>\n<li>Gelei Andrea, Dobos Imre: MUTUAL TRUSTWORTHINESS AS A GOVERNANCE MECHANISM IN BUSINESS RELATIONSHIPS \u2013 A DYADIC DATA ANALYSIS, ACTA OECONOMICA 66: (4) pp. 669-692. 2016<\/li>\n<li style=\"font-weight: 400;\">Gelei A, Dobos I, Sug\u00e1r A:&nbsp;Bevezet\u00e9s a diadikus adatelemz\u00e9sbe, STATISZTIKAI SZEMLE 92: (5) pp. 417-446. 2014<\/li>\n<li style=\"font-weight: 400;\">Pishchulov G, Dobos I, Gobsch B, Pakhomova N, Richter K:&nbsp;A vendor\u2013purchaser economic lot size problem with remanufacturing, ZEITSCHRIFT FUR BETRIEBSWIRTSCHAFT: ZFB 84: pp. 749-791. 2014<\/li>\n<li style=\"font-weight: 400;\">Dobos Imre, V\u00f6r\u00f6smarty Gy\u00f6ngyi:&nbsp;Green supplier selection and evaluation using DEA-type composite indicators, INTERNATIONAL JOURNAL OF PRODUCTION ECONOMICS 157: pp. 273-278. 2014<\/li>\n<li style=\"font-weight: 400;\">Dobos Imre, Tallos P\u00e9ter:&nbsp;A Dynamic Input-Output Model with Renewable Resources, CENTRAL EUROPEAN JOURNAL OF OPERATIONS RESEARCH 21: (2) pp. 295-305. 2013<\/li>\n<li style=\"font-weight: 400;\">Dobos Imre, Knut Richter:&nbsp;A production\/recycling model with quality considerations, INTERNATIONAL JOURNAL OF PRODUCTION ECONOMICS 104: pp. 571-579. 2006<\/li>\n<li style=\"font-weight: 400;\">Dobos Imre, Knut Richter:&nbsp;An extended production\/recycling model with stationary demand and return rates, INTERNATIONAL JOURNAL OF PRODUCTION ECONOMICS 90: pp. 311-323. 2004<\/li>\n<li style=\"font-weight: 400;\">Dobos Imre:&nbsp;Optimal production-inventory strategies for a HMMS-type reverse logistics system, INTERNATIONAL JOURNAL OF PRODUCTION ECONOMICS 81-82: (Special Issue) pp. 351-360. pp. 351-360. 2003<\/li>\n<li style=\"font-weight: 400;\">Dobos Imre, Knut Richter:&nbsp;The Integer EOQ Repair and Waste Disposal Model: A Further Analysis, CENTRAL EUROPEAN JOURNAL OF OPERATIONS RESEARCH 8: pp. 174-193. 2000<\/li>\n<li style=\"font-weight: 400;\">Knut Richter, Dobos Imre:&nbsp;Analysis of the EOQ Repair and Waste Disposal Problem with Integer Setup Numbers, INTERNATIONAL JOURNAL OF PRODUCTION ECONOMICS 59: pp. 463-467. 1999<\/li>\n<\/ul>\n<h5 id=\"wip\">Work in progress<\/h5>\n<h5 id=\"phd\">Ph.D. students<\/h5>\n<ul>\n<li>Zs\u00f3fia J\u00e1mbor (Corvinus University, expected: 2020)<\/li>\n<li>Gabriella Baksa-Hask\u00f3 (Corvinus University, 2015)<\/li>\n<\/ul>\n<h5 id=\"respro\">Research projects for students<\/h5>\n<ul>\n<li>Linear models in production theory and production design<\/li>\n<li>Topics in dynamic economic modelling<\/li>\n<\/ul>\n","protected":false},"excerpt":{"rendered":"<p>Contact&nbsp; &nbsp; &nbsp; &nbsp; &nbsp;Interests&nbsp; &nbsp; &nbsp; &nbsp; &nbsp; &nbsp;Publications&nbsp; &nbsp; &nbsp; &nbsp; &nbsp;Work in progress&nbsp; &nbsp; &nbsp;&nbsp;Ph.D. students&nbsp; &nbsp; &nbsp; &nbsp; &nbsp; Projects for students Dr. Dobos started his carrier as economic analyst at the Institute of Water Management, Budapest in 1986. At this time he has begun to investigate environmental problems. Than he &hellip; <a href=\"https:\/\/qsms.bme.hu\/index.php\/imre-dobos\/\" class=\"more-link\">Continue reading<span class=\"screen-reader-text\"> &#8220;Imre Dobos&#8221;<\/span><\/a><\/p>\n","protected":false},"author":15,"featured_media":0,"parent":0,"menu_order":0,"comment_status":"closed","ping_status":"closed","template":"","meta":{"footnotes":""},"class_list":["post-1291","page","type-page","status-publish","hentry"],"_links":{"self":[{"href":"https:\/\/qsms.bme.hu\/index.php\/wp-json\/wp\/v2\/pages\/1291","targetHints":{"allow":["GET"]}}],"collection":[{"href":"https:\/\/qsms.bme.hu\/index.php\/wp-json\/wp\/v2\/pages"}],"about":[{"href":"https:\/\/qsms.bme.hu\/index.php\/wp-json\/wp\/v2\/types\/page"}],"author":[{"embeddable":true,"href":"https:\/\/qsms.bme.hu\/index.php\/wp-json\/wp\/v2\/users\/15"}],"replies":[{"embeddable":true,"href":"https:\/\/qsms.bme.hu\/index.php\/wp-json\/wp\/v2\/comments?post=1291"}],"version-history":[{"count":3,"href":"https:\/\/qsms.bme.hu\/index.php\/wp-json\/wp\/v2\/pages\/1291\/revisions"}],"predecessor-version":[{"id":1308,"href":"https:\/\/qsms.bme.hu\/index.php\/wp-json\/wp\/v2\/pages\/1291\/revisions\/1308"}],"wp:attachment":[{"href":"https:\/\/qsms.bme.hu\/index.php\/wp-json\/wp\/v2\/media?parent=1291"}],"curies":[{"name":"wp","href":"https:\/\/api.w.org\/{rel}","templated":true}]}}