{"id":1285,"date":"2022-05-30T11:49:50","date_gmt":"2022-05-30T11:49:50","guid":{"rendered":"http:\/\/qsms.bme.hu\/?page_id=1285"},"modified":"2022-06-09T09:04:48","modified_gmt":"2022-06-09T09:04:48","slug":"imre-dimeny","status":"publish","type":"page","link":"https:\/\/qsms.bme.hu\/index.php\/imre-dimeny\/","title":{"rendered":"Imre Dim\u00e9ny"},"content":{"rendered":"\n<p><a href=\"#contact\">Contact<\/a> &nbsp;&nbsp; <a href=\"#resint\">Research interests<\/a> &nbsp;&nbsp; <a href=\"#pub\">Publications<\/a> &nbsp;&nbsp; <a href=\"#wip\">Work in progress<\/a><\/p>\n\n\n\n<figure class=\"wp-block-image size-large\"><img loading=\"lazy\" decoding=\"async\" class=\"wp-image-1147 alignleft\" src=\"https:\/\/qsms.bme.hu\/wp-content\/uploads\/2022\/05\/di_photo_1-880x1024.jpg\" alt=\"\" width=\"191\" height=\"191\"><\/figure>\nImre Dim\u00e9ny is a research fellow at the Quantitative Social and Management Science research group at the Budapest University of Technology and Economics.\n<br><br><br><br><br><br>\n<div class=\"moduletable\">\n<div class=\"contact04\">\n<p><a href=\"https:\/\/m2.mtmt.hu\/gui2\/?type=authors&#038;mode=browse&#038;sel=10061426\"><img loading=\"lazy\" decoding=\"async\" class=\"size-medium wp-image-150 alignleft\" src=\"https:\/\/qsms.bme.hu\/wp-content\/uploads\/2018\/10\/mtmt1-300x300.png\" alt=\"\" width=\"25\" height=\"25\" srcset=\"https:\/\/qsms.bme.hu\/wp-content\/uploads\/2018\/10\/mtmt1-300x300.png 300w, https:\/\/qsms.bme.hu\/wp-content\/uploads\/2018\/10\/mtmt1-150x150.png 150w, https:\/\/qsms.bme.hu\/wp-content\/uploads\/2018\/10\/mtmt1.png 351w\" sizes=\"auto, (max-width: 25px) 85vw, 25px\" \/><\/a><a href=\"https:\/\/scholar.google.com.tr\/citations?user=YGYZ5i0AAAAJ&amp;hl=en&amp;oi=ao\"><img loading=\"lazy\" decoding=\"async\" class=\"alignleft wp-image-147\" src=\"https:\/\/qsms.bme.hu\/wp-content\/uploads\/2018\/10\/google.png\" alt=\"\" width=\"25\" height=\"25\"><\/a><\/p>\n<\/div>\n<\/div>\n<p><a href=\"https:\/\/orcid.org\/0000-0002-7263-7313\" rel=\"attachment wp-att-151\"><img loading=\"lazy\" decoding=\"async\" class=\"alignleft wp-image-151\" src=\"https:\/\/qsms.bme.hu\/wp-content\/uploads\/2018\/10\/orcid-150x150.png\" alt=\"\" width=\"25\" height=\"25\" srcset=\"https:\/\/qsms.bme.hu\/wp-content\/uploads\/2018\/10\/orcid-150x150.png 150w, https:\/\/qsms.bme.hu\/wp-content\/uploads\/2018\/10\/orcid.png 225w\" sizes=\"auto, (max-width: 25px) 85vw, 25px\" \/><\/a><\/p>\n<h5 id=\"contact\">Contact details<\/h5>\n<p>Faculty of Economic and Social Sciences, Budapest University of Technology and Economics, Magyar tud\u00f3sok k\u00f6r\u00fatja 2, H-1117 Budapest. <\/p>\n<br>\n<p>e-mail:\n<a href=\"mailto:imre.dimeny@gtk.bme.hu\">imre.dimeny@gtk.bme.hu\n<\/a>\n<\/p>\n<h5 id=\"resint\">Research interests<\/h5>\nLinear programming sensitivity analysis, Assembly line balancing, Human-robot collaboration in assembly lines\n<h5 id=\"pub\">Publications<\/h5>\n<i><a href=\"https:\/\/www.sciencedirect.com\/science\/article\/pii\/S0925527321002681?via%3Dihub\">An analysis of task assignment and cycle times when robots are added to human-operated assembly lines, using mathematical programming models<\/a> &nbsp;<\/i><i>International Journal of Production Economics<\/i> (2021)\n<h5 id=\"wip\"><span style=\"color: inherit; font-size: 19px; font-weight: 900;\">Work in progress<\/span><\/h5>\n<ul>\n \t<li>Minimizing Workers&#8217; Workload in Partially Automated Assembly Lines with Human-Robot Collaboration<\/li>\n<\/ul>\n","protected":false},"excerpt":{"rendered":"<p>Contact &nbsp;&nbsp; Research interests &nbsp;&nbsp; Publications &nbsp;&nbsp; Work in progress Imre Dim\u00e9ny is a research fellow at the Quantitative Social and Management Science research group at the Budapest University of Technology and Economics. Contact details Faculty of Economic and Social Sciences, Budapest University of Technology and Economics, Magyar tud\u00f3sok k\u00f6r\u00fatja 2, H-1117 Budapest. e-mail: imre.dimeny@gtk.bme.hu &hellip; <a href=\"https:\/\/qsms.bme.hu\/index.php\/imre-dimeny\/\" class=\"more-link\">Continue reading<span class=\"screen-reader-text\"> &#8220;Imre Dim\u00e9ny&#8221;<\/span><\/a><\/p>\n","protected":false},"author":15,"featured_media":0,"parent":0,"menu_order":0,"comment_status":"closed","ping_status":"closed","template":"","meta":{"footnotes":""},"class_list":["post-1285","page","type-page","status-publish","hentry"],"_links":{"self":[{"href":"https:\/\/qsms.bme.hu\/index.php\/wp-json\/wp\/v2\/pages\/1285","targetHints":{"allow":["GET"]}}],"collection":[{"href":"https:\/\/qsms.bme.hu\/index.php\/wp-json\/wp\/v2\/pages"}],"about":[{"href":"https:\/\/qsms.bme.hu\/index.php\/wp-json\/wp\/v2\/types\/page"}],"author":[{"embeddable":true,"href":"https:\/\/qsms.bme.hu\/index.php\/wp-json\/wp\/v2\/users\/15"}],"replies":[{"embeddable":true,"href":"https:\/\/qsms.bme.hu\/index.php\/wp-json\/wp\/v2\/comments?post=1285"}],"version-history":[{"count":8,"href":"https:\/\/qsms.bme.hu\/index.php\/wp-json\/wp\/v2\/pages\/1285\/revisions"}],"predecessor-version":[{"id":1326,"href":"https:\/\/qsms.bme.hu\/index.php\/wp-json\/wp\/v2\/pages\/1285\/revisions\/1326"}],"wp:attachment":[{"href":"https:\/\/qsms.bme.hu\/index.php\/wp-json\/wp\/v2\/media?parent=1285"}],"curies":[{"name":"wp","href":"https:\/\/api.w.org\/{rel}","templated":true}]}}