{"id":12,"date":"2018-10-05T07:58:26","date_gmt":"2018-10-05T07:58:26","guid":{"rendered":"http:\/\/qsms.mokk.bme.hu\/?page_id=12"},"modified":"2018-10-15T09:18:14","modified_gmt":"2018-10-15T09:18:14","slug":"events","status":"publish","type":"page","link":"https:\/\/qsms.bme.hu\/index.php\/events\/","title":{"rendered":"Events"},"content":{"rendered":"<p>The QSMS Research Group organises research seminars on a regular basis with presentations by top researchers at an international level.<\/p>\n<p>The seminars take place at room A406 in Building Q,\u00a0Budapest University of Technology and Economics, Faculty of Economic and Social Sciences, Magyar tud\u00f3sok k\u00f6r\u00fatja 2, 1117 Budapest. At the seminars sandwiches are provided. Please help the organisers by <a href=\"mailto:krasznay.rita@finance.bme.hu?subject=QSMS seminar registration\">registering<\/a> in advance.\u00a0 Registration is free.<\/p>\n<ul>\n<li>15\/16-11-2018.\u00a0<a href=\"http:\/\/www.uni-corvinus.hu\/index.php?id=45741\/\">9th Annual Financial Market Liquidity Conference<\/a><\/li>\n<li>24-10-2018. QSMS seminar: Oskar Skibski (Warsaw University): TBA<\/li>\n<li>26-09-2018. QSMS seminar: P. Jean-Jacques Herings (Maastricht University):\u00a0<a href=\"https:\/\/doi.org\/10.1016\/j.jet.2018.06.004\">Equilibrium and Matching under Price Controls<\/a>.\u00a0The full paper is available at Journal of Economic Theory 77: 222-244,<\/li>\n<\/ul>\n\n<!-- NOTE: If you need to make changes to this file, copy it to your current theme's main\n\tdirectory so your changes won't be overwritten when the plugin is upgraded. -->\n\n<!-- Post Wrap Start-->\n<div class=\"post hentry ivycat-post\">\n\n\t<!-- \tThis outputs the post TITLE -->\n\t<h2 class=\"entry-title\"><a href=\"https:\/\/qsms.bme.hu\/index.php\/2026\/04\/13\/march-30-toomas-hinnosaar-qsms-seminar\/\">April 15: Toomas Hinnosaar (QSMS Seminar)<\/a><\/h2>\n\n\t<!-- \tThis outputs the post EXCERPT.  To display full content including images and html,\n\t\treplace the_excerpt(); with the_content();  below. -->\n\t<div class=\"entry-summary\">\n\t\t<p>Toomas Hinnosaar (University of Nottingham) will present &#8220;Collusion without Patience&#8221; (with Jacopo Bizzotto) on April 15th, 2026, from 2:30 PM to 3:45 PM, in room QA404. Abstract: Tacit collusion is usually linked to repeated interactions between patient firms. We show that it can also arise in a one-shot duopoly. When firms choose capacities and face &hellip; <a href=\"https:\/\/qsms.bme.hu\/index.php\/2026\/04\/13\/march-30-toomas-hinnosaar-qsms-seminar\/\" class=\"more-link\">Continue reading<span class=\"screen-reader-text\"> &#8220;April 15: Toomas Hinnosaar (QSMS Seminar)&#8221;<\/span><\/a><\/p>\n\t<\/div>\n\n\t<!--\tThis outputs the post META information -->\n\t<div class=\"entry-utility\">\n\t\t\t\t\t<span class=\"cat-links\">\n\t\t\t\t<span class=\"entry-utility-prep entry-utility-prep-cat-links\">Posted in<\/span> <a href=\"https:\/\/qsms.bme.hu\/index.php\/category\/event\/\" rel=\"category tag\">Event<\/a>, <a href=\"https:\/\/qsms.bme.hu\/index.php\/category\/news\/\" rel=\"category tag\">News<\/a>, <a href=\"https:\/\/qsms.bme.hu\/index.php\/category\/seminar\/\" rel=\"category tag\">Seminar<\/a>\t\t\t<\/span>\n\t\t\t<span class=\"meta-sep\">|<\/span>\n\t\t\t\t\t\t<span class=\"comments-link\">\n\t\t\t<span>Comments Off<span class=\"screen-reader-text\"> on April 15: Toomas Hinnosaar (QSMS Seminar)<\/span><\/span>\t\t<\/span>\n\t\t\t<\/div>\n<\/div>\n<!-- \/\/ Post Wrap End -->\n\n<!-- NOTE: If you need to make changes to this file, copy it to your current theme's main\n\tdirectory so your changes won't be overwritten when the plugin is upgraded. -->\n\n<!-- Post Wrap Start-->\n<div class=\"post hentry ivycat-post\">\n\n\t<!-- \tThis outputs the post TITLE -->\n\t<h2 class=\"entry-title\"><a href=\"https:\/\/qsms.bme.hu\/index.php\/2026\/03\/24\/march-30-szabo-marton-bence-qsms-seminar\/\">March 30: Szab\u00f3 M\u00e1rton Bence (QSMS Seminar)<\/a><\/h2>\n\n\t<!-- \tThis outputs the post EXCERPT.  To display full content including images and html,\n\t\treplace the_excerpt(); with the_content();  below. -->\n\t<div class=\"entry-summary\">\n\t\t<p>Szab\u00f3 M\u00e1rton Bence (QSMS) will present &#8220;Probing into War: How Limited Military Operations Increase the Risk of War&#8221; on March 30th, 2026, at 10:30 AM, in room QA323. Abstract: This article develops a formal model showing how an opponent can use limited military operations (LMOs) to infer a patron state\u2019s resolve to defend its client &hellip; <a href=\"https:\/\/qsms.bme.hu\/index.php\/2026\/03\/24\/march-30-szabo-marton-bence-qsms-seminar\/\" class=\"more-link\">Continue reading<span class=\"screen-reader-text\"> &#8220;March 30: Szab\u00f3 M\u00e1rton Bence (QSMS Seminar)&#8221;<\/span><\/a><\/p>\n\t<\/div>\n\n\t<!--\tThis outputs the post META information -->\n\t<div class=\"entry-utility\">\n\t\t\t\t\t<span class=\"cat-links\">\n\t\t\t\t<span class=\"entry-utility-prep entry-utility-prep-cat-links\">Posted in<\/span> <a href=\"https:\/\/qsms.bme.hu\/index.php\/category\/event\/\" rel=\"category tag\">Event<\/a>, <a href=\"https:\/\/qsms.bme.hu\/index.php\/category\/news\/\" rel=\"category tag\">News<\/a>, <a href=\"https:\/\/qsms.bme.hu\/index.php\/category\/seminar\/\" rel=\"category tag\">Seminar<\/a>\t\t\t<\/span>\n\t\t\t<span class=\"meta-sep\">|<\/span>\n\t\t\t\t\t\t<span class=\"comments-link\">\n\t\t\t<span>Comments Off<span class=\"screen-reader-text\"> on March 30: Szab\u00f3 M\u00e1rton Bence (QSMS Seminar)<\/span><\/span>\t\t<\/span>\n\t\t\t<\/div>\n<\/div>\n<!-- \/\/ Post Wrap End -->\n\n<!-- NOTE: If you need to make changes to this file, copy it to your current theme's main\n\tdirectory so your changes won't be overwritten when the plugin is upgraded. -->\n\n<!-- Post Wrap Start-->\n<div class=\"post hentry ivycat-post\">\n\n\t<!-- \tThis outputs the post TITLE -->\n\t<h2 class=\"entry-title\"><a href=\"https:\/\/qsms.bme.hu\/index.php\/2026\/03\/11\/march-16-myrto-kasioumi-qsms-seminar\/\">March 16: Myrto Kasioumi (QSMS Seminar)<\/a><\/h2>\n\n\t<!-- \tThis outputs the post EXCERPT.  To display full content including images and html,\n\t\treplace the_excerpt(); with the_content();  below. -->\n\t<div class=\"entry-summary\">\n\t\t<p>Myrto Kasioumi (QSMS) will present &#8220;The Influence of Social Practices on the Environment&#8221; on March 16th, 2026, at 10:30 AM, in room QA323. Abstract: This paper examines how changes in everyday social practices relate to air quality in the United States, using the COVID-19 pandemic as a large, unplanned behavioral shock during which human mobility &hellip; <a href=\"https:\/\/qsms.bme.hu\/index.php\/2026\/03\/11\/march-16-myrto-kasioumi-qsms-seminar\/\" class=\"more-link\">Continue reading<span class=\"screen-reader-text\"> &#8220;March 16: Myrto Kasioumi (QSMS Seminar)&#8221;<\/span><\/a><\/p>\n\t<\/div>\n\n\t<!--\tThis outputs the post META information -->\n\t<div class=\"entry-utility\">\n\t\t\t\t\t<span class=\"cat-links\">\n\t\t\t\t<span class=\"entry-utility-prep entry-utility-prep-cat-links\">Posted in<\/span> <a href=\"https:\/\/qsms.bme.hu\/index.php\/category\/event\/\" rel=\"category tag\">Event<\/a>, <a href=\"https:\/\/qsms.bme.hu\/index.php\/category\/news\/\" rel=\"category tag\">News<\/a>, <a href=\"https:\/\/qsms.bme.hu\/index.php\/category\/seminar\/\" rel=\"category tag\">Seminar<\/a>\t\t\t<\/span>\n\t\t\t<span class=\"meta-sep\">|<\/span>\n\t\t\t\t\t\t<span class=\"comments-link\">\n\t\t\t<span>Comments Off<span class=\"screen-reader-text\"> on March 16: Myrto Kasioumi (QSMS Seminar)<\/span><\/span>\t\t<\/span>\n\t\t\t<\/div>\n<\/div>\n<!-- \/\/ Post Wrap End -->\n\n<!-- NOTE: If you need to make changes to this file, copy it to your current theme's main\n\tdirectory so your changes won't be overwritten when the plugin is upgraded. -->\n\n<!-- Post Wrap Start-->\n<div class=\"post hentry ivycat-post\">\n\n\t<!-- \tThis outputs the post TITLE -->\n\t<h2 class=\"entry-title\"><a href=\"https:\/\/qsms.bme.hu\/index.php\/2026\/03\/11\/march-2-hector-hermida-rivera-qsms-seminar\/\">March 2: H\u00e9ctor Hermida Rivera (QSMS Seminar)<\/a><\/h2>\n\n\t<!-- \tThis outputs the post EXCERPT.  To display full content including images and html,\n\t\treplace the_excerpt(); with the_content();  below. -->\n\t<div class=\"entry-summary\">\n\t\t<p>H\u00e9ctor Hermida Rivera (QSMS) will present &#8220;Self-Equivalent Voting Rules&#8221; on March 2nd, 2026, at 10:30 AM, in room QA323. Abstract: In this paper, I introduce a novel stability axiom for stochastic voting rules, called self-equivalence, by which a society considering whether to replace its voting rule using itself will choose not to do so. I &hellip; <a href=\"https:\/\/qsms.bme.hu\/index.php\/2026\/03\/11\/march-2-hector-hermida-rivera-qsms-seminar\/\" class=\"more-link\">Continue reading<span class=\"screen-reader-text\"> &#8220;March 2: H\u00e9ctor Hermida Rivera (QSMS Seminar)&#8221;<\/span><\/a><\/p>\n\t<\/div>\n\n\t<!--\tThis outputs the post META information -->\n\t<div class=\"entry-utility\">\n\t\t\t\t\t<span class=\"cat-links\">\n\t\t\t\t<span class=\"entry-utility-prep entry-utility-prep-cat-links\">Posted in<\/span> <a href=\"https:\/\/qsms.bme.hu\/index.php\/category\/event\/\" rel=\"category tag\">Event<\/a>, <a href=\"https:\/\/qsms.bme.hu\/index.php\/category\/news\/\" rel=\"category tag\">News<\/a>, <a href=\"https:\/\/qsms.bme.hu\/index.php\/category\/seminar\/\" rel=\"category tag\">Seminar<\/a>\t\t\t<\/span>\n\t\t\t<span class=\"meta-sep\">|<\/span>\n\t\t\t\t\t\t<span class=\"comments-link\">\n\t\t\t<span>Comments Off<span class=\"screen-reader-text\"> on March 2: H\u00e9ctor Hermida Rivera (QSMS Seminar)<\/span><\/span>\t\t<\/span>\n\t\t\t<\/div>\n<\/div>\n<!-- \/\/ Post Wrap End -->\n\n<!-- NOTE: If you need to make changes to this file, copy it to your current theme's main\n\tdirectory so your changes won't be overwritten when the plugin is upgraded. -->\n\n<!-- Post Wrap Start-->\n<div class=\"post hentry ivycat-post\">\n\n\t<!-- \tThis outputs the post TITLE -->\n\t<h2 class=\"entry-title\"><a href=\"https:\/\/qsms.bme.hu\/index.php\/2025\/05\/23\/may-26-soumyanetra-munshi-qsms-seminar\/\">May 26: Soumyanetra Munshi (QSMS Seminar)<\/a><\/h2>\n\n\t<!-- \tThis outputs the post EXCERPT.  To display full content including images and html,\n\t\treplace the_excerpt(); with the_content();  below. -->\n\t<div class=\"entry-summary\">\n\t\t<p>Soumyanetra Munshi (Indian Statistical Institute) will present &#8220;Lobbying and Enforcement: An Economic Exploration&#8221; on May 26th, 2025, at 10:30 AM, in room QA405. Abstract: The government allocates resources to its various departments, one of which is supposed to enforce law on another. The non-enforcing department works in close proximity with an industry that is organised &hellip; <a href=\"https:\/\/qsms.bme.hu\/index.php\/2025\/05\/23\/may-26-soumyanetra-munshi-qsms-seminar\/\" class=\"more-link\">Continue reading<span class=\"screen-reader-text\"> &#8220;May 26: Soumyanetra Munshi (QSMS Seminar)&#8221;<\/span><\/a><\/p>\n\t<\/div>\n\n\t<!--\tThis outputs the post META information -->\n\t<div class=\"entry-utility\">\n\t\t\t\t\t<span class=\"cat-links\">\n\t\t\t\t<span class=\"entry-utility-prep entry-utility-prep-cat-links\">Posted in<\/span> <a href=\"https:\/\/qsms.bme.hu\/index.php\/category\/event\/\" rel=\"category tag\">Event<\/a>, <a href=\"https:\/\/qsms.bme.hu\/index.php\/category\/news\/\" rel=\"category tag\">News<\/a>, <a href=\"https:\/\/qsms.bme.hu\/index.php\/category\/seminar\/\" rel=\"category tag\">Seminar<\/a>\t\t\t<\/span>\n\t\t\t<span class=\"meta-sep\">|<\/span>\n\t\t\t\t\t\t<span class=\"comments-link\">\n\t\t\t<span>Comments Off<span class=\"screen-reader-text\"> on May 26: Soumyanetra Munshi (QSMS Seminar)<\/span><\/span>\t\t<\/span>\n\t\t\t<\/div>\n<\/div>\n<!-- \/\/ Post Wrap End -->\n\n<!-- NOTE: If you need to make changes to this file, copy it to your current theme's main\n\tdirectory so your changes won't be overwritten when the plugin is upgraded. -->\n\n<!-- Post Wrap Start-->\n<div class=\"post hentry ivycat-post\">\n\n\t<!-- \tThis outputs the post TITLE -->\n\t<h2 class=\"entry-title\"><a href=\"https:\/\/qsms.bme.hu\/index.php\/2025\/05\/13\/may-19-evgeniya-dubinina-qsms-seminar\/\">May 19: Evgeniya Dubinina (QSMS Seminar)<\/a><\/h2>\n\n\t<!-- \tThis outputs the post EXCERPT.  To display full content including images and html,\n\t\treplace the_excerpt(); with the_content();  below. -->\n\t<div class=\"entry-summary\">\n\t\t<p>Evgeniya Dubinina (Charles University) will present &#8220;Online Cash Register Policy in Russia: Impact on Firm Profits and Exit Decisions&#8221; on May 19th, 2025, at 10:30 AM, in room QA405. Abstract: To improve tax compliance, the Russian government required small firms to use online cash registers (OCRs) for business-to-consumer transactions from 2017. While OCR policy aims &hellip; <a href=\"https:\/\/qsms.bme.hu\/index.php\/2025\/05\/13\/may-19-evgeniya-dubinina-qsms-seminar\/\" class=\"more-link\">Continue reading<span class=\"screen-reader-text\"> &#8220;May 19: Evgeniya Dubinina (QSMS Seminar)&#8221;<\/span><\/a><\/p>\n\t<\/div>\n\n\t<!--\tThis outputs the post META information -->\n\t<div class=\"entry-utility\">\n\t\t\t\t\t<span class=\"cat-links\">\n\t\t\t\t<span class=\"entry-utility-prep entry-utility-prep-cat-links\">Posted in<\/span> <a href=\"https:\/\/qsms.bme.hu\/index.php\/category\/event\/\" rel=\"category tag\">Event<\/a>, <a href=\"https:\/\/qsms.bme.hu\/index.php\/category\/news\/\" rel=\"category tag\">News<\/a>, <a href=\"https:\/\/qsms.bme.hu\/index.php\/category\/seminar\/\" rel=\"category tag\">Seminar<\/a>\t\t\t<\/span>\n\t\t\t<span class=\"meta-sep\">|<\/span>\n\t\t\t\t\t\t<span class=\"comments-link\">\n\t\t\t<span>Comments Off<span class=\"screen-reader-text\"> on May 19: Evgeniya Dubinina (QSMS Seminar)<\/span><\/span>\t\t<\/span>\n\t\t\t<\/div>\n<\/div>\n<!-- \/\/ Post Wrap End -->\n\n<!-- NOTE: If you need to make changes to this file, copy it to your current theme's main\n\tdirectory so your changes won't be overwritten when the plugin is upgraded. -->\n\n<!-- Post Wrap Start-->\n<div class=\"post hentry ivycat-post\">\n\n\t<!-- \tThis outputs the post TITLE -->\n\t<h2 class=\"entry-title\"><a href=\"https:\/\/qsms.bme.hu\/index.php\/2025\/04\/26\/april-28-radostina-shopova-qsms-seminar\/\">April 28: Radostina Shopova (QSMS Seminar)<\/a><\/h2>\n\n\t<!-- \tThis outputs the post EXCERPT.  To display full content including images and html,\n\t\treplace the_excerpt(); with the_content();  below. -->\n\t<div class=\"entry-summary\">\n\t\t<p>Radostina Shopova (Bulgarian Academy of Sciences, Economic Research Institute) will present &#8220;Vertical Integration in Platforms: Two-sided Monetization and Commitments&#8221; on April 28th, 2025, at 2:00 PM, in room QA407. Abstract: Digital platforms have gained substantial market power through network effects and seek to expand further, sometimes by vertically integrating with producers to gain control over &hellip; <a href=\"https:\/\/qsms.bme.hu\/index.php\/2025\/04\/26\/april-28-radostina-shopova-qsms-seminar\/\" class=\"more-link\">Continue reading<span class=\"screen-reader-text\"> &#8220;April 28: Radostina Shopova (QSMS Seminar)&#8221;<\/span><\/a><\/p>\n\t<\/div>\n\n\t<!--\tThis outputs the post META information -->\n\t<div class=\"entry-utility\">\n\t\t\t\t\t<span class=\"cat-links\">\n\t\t\t\t<span class=\"entry-utility-prep entry-utility-prep-cat-links\">Posted in<\/span> <a href=\"https:\/\/qsms.bme.hu\/index.php\/category\/event\/\" rel=\"category tag\">Event<\/a>, <a href=\"https:\/\/qsms.bme.hu\/index.php\/category\/news\/\" rel=\"category tag\">News<\/a>, <a href=\"https:\/\/qsms.bme.hu\/index.php\/category\/seminar\/\" rel=\"category tag\">Seminar<\/a>\t\t\t<\/span>\n\t\t\t<span class=\"meta-sep\">|<\/span>\n\t\t\t\t\t\t<span class=\"comments-link\">\n\t\t\t<span>Comments Off<span class=\"screen-reader-text\"> on April 28: Radostina Shopova (QSMS Seminar)<\/span><\/span>\t\t<\/span>\n\t\t\t<\/div>\n<\/div>\n<!-- \/\/ Post Wrap End -->\n\n<!-- NOTE: If you need to make changes to this file, copy it to your current theme's main\n\tdirectory so your changes won't be overwritten when the plugin is upgraded. -->\n\n<!-- Post Wrap Start-->\n<div class=\"post hentry ivycat-post\">\n\n\t<!-- \tThis outputs the post TITLE -->\n\t<h2 class=\"entry-title\"><a href=\"https:\/\/qsms.bme.hu\/index.php\/2025\/04\/22\/april-25-feifei-xu-qsms-seminar\/\">April 25: Feifei Xu (QSMS Seminar)<\/a><\/h2>\n\n\t<!-- \tThis outputs the post EXCERPT.  To display full content including images and html,\n\t\treplace the_excerpt(); with the_content();  below. -->\n\t<div class=\"entry-summary\">\n\t\t<p>Feifei Xu (Corvinus University) will present &#8220;The Impact of Socioeconomic Status, Mental Health Outcomes and COVID-19 Factors on Health-Related Quality of Life in Elderly Adults&#8221; on April 25th, 2025, at 10:30 AM, in room QA405. Abstract: This study examines the influence of socioeconomic factors, mental health outcomes, and COVID-19-related experiences on the health-related quality of &hellip; <a href=\"https:\/\/qsms.bme.hu\/index.php\/2025\/04\/22\/april-25-feifei-xu-qsms-seminar\/\" class=\"more-link\">Continue reading<span class=\"screen-reader-text\"> &#8220;April 25: Feifei Xu (QSMS Seminar)&#8221;<\/span><\/a><\/p>\n\t<\/div>\n\n\t<!--\tThis outputs the post META information -->\n\t<div class=\"entry-utility\">\n\t\t\t\t\t<span class=\"cat-links\">\n\t\t\t\t<span class=\"entry-utility-prep entry-utility-prep-cat-links\">Posted in<\/span> <a href=\"https:\/\/qsms.bme.hu\/index.php\/category\/event\/\" rel=\"category tag\">Event<\/a>, <a href=\"https:\/\/qsms.bme.hu\/index.php\/category\/news\/\" rel=\"category tag\">News<\/a>, <a href=\"https:\/\/qsms.bme.hu\/index.php\/category\/seminar\/\" rel=\"category tag\">Seminar<\/a>\t\t\t<\/span>\n\t\t\t<span class=\"meta-sep\">|<\/span>\n\t\t\t\t\t\t<span class=\"comments-link\">\n\t\t\t<span>Comments Off<span class=\"screen-reader-text\"> on April 25: Feifei Xu (QSMS Seminar)<\/span><\/span>\t\t<\/span>\n\t\t\t<\/div>\n<\/div>\n<!-- \/\/ Post Wrap End -->\n\n<!-- NOTE: If you need to make changes to this file, copy it to your current theme's main\n\tdirectory so your changes won't be overwritten when the plugin is upgraded. -->\n\n<!-- Post Wrap Start-->\n<div class=\"post hentry ivycat-post\">\n\n\t<!-- \tThis outputs the post TITLE -->\n\t<h2 class=\"entry-title\"><a href=\"https:\/\/qsms.bme.hu\/index.php\/2025\/04\/10\/april-14-ina-taneva-qsms-seminar\/\">April 14: Ina Taneva (QSMS Seminar)<\/a><\/h2>\n\n\t<!-- \tThis outputs the post EXCERPT.  To display full content including images and html,\n\t\treplace the_excerpt(); with the_content();  below. -->\n\t<div class=\"entry-summary\">\n\t\t<p>Ina Taneva (University of Edinburgh) will present &#8220;Strategic Ignorance and Information Design&#8221; (with Tom Wiseman) on April 14th, 2025, at 10:30 AM, in room QA405. Abstract: We study information design in strategic settings when agents can publicly refuse to view their private signals. Ignoring the constraints that agents must be willing to view their signals &hellip; <a href=\"https:\/\/qsms.bme.hu\/index.php\/2025\/04\/10\/april-14-ina-taneva-qsms-seminar\/\" class=\"more-link\">Continue reading<span class=\"screen-reader-text\"> &#8220;April 14: Ina Taneva (QSMS Seminar)&#8221;<\/span><\/a><\/p>\n\t<\/div>\n\n\t<!--\tThis outputs the post META information -->\n\t<div class=\"entry-utility\">\n\t\t\t\t\t<span class=\"cat-links\">\n\t\t\t\t<span class=\"entry-utility-prep entry-utility-prep-cat-links\">Posted in<\/span> <a href=\"https:\/\/qsms.bme.hu\/index.php\/category\/event\/\" rel=\"category tag\">Event<\/a>, <a href=\"https:\/\/qsms.bme.hu\/index.php\/category\/news\/\" rel=\"category tag\">News<\/a>, <a href=\"https:\/\/qsms.bme.hu\/index.php\/category\/seminar\/\" rel=\"category tag\">Seminar<\/a>\t\t\t<\/span>\n\t\t\t<span class=\"meta-sep\">|<\/span>\n\t\t\t\t\t\t<span class=\"comments-link\">\n\t\t\t<span>Comments Off<span class=\"screen-reader-text\"> on April 14: Ina Taneva (QSMS Seminar)<\/span><\/span>\t\t<\/span>\n\t\t\t<\/div>\n<\/div>\n<!-- \/\/ Post Wrap End -->\n\n<!-- NOTE: If you need to make changes to this file, copy it to your current theme's main\n\tdirectory so your changes won't be overwritten when the plugin is upgraded. -->\n\n<!-- Post Wrap Start-->\n<div class=\"post hentry ivycat-post\">\n\n\t<!-- \tThis outputs the post TITLE -->\n\t<h2 class=\"entry-title\"><a href=\"https:\/\/qsms.bme.hu\/index.php\/2025\/04\/02\/april-4-gabriel-ziegler-qsms-seminar\/\">April 4: Gabriel Ziegler (QSMS Seminar)<\/a><\/h2>\n\n\t<!-- \tThis outputs the post EXCERPT.  To display full content including images and html,\n\t\treplace the_excerpt(); with the_content();  below. -->\n\t<div class=\"entry-summary\">\n\t\t<p>Gabriel Ziegler (University of Edinburgh) will present &#8220;Bounded Reasoning and Rationalizability&#8221; on April 4th, 2025, at 10:30 AM, in room QA405. Abstract: We examine the connections between bounded reasoning approaches in game theory\u2014such as level-k and cognitive hierarchy models\u2014using tools from epistemic game theory. We demonstrate that these classic models are subsumed by an overarching &hellip; <a href=\"https:\/\/qsms.bme.hu\/index.php\/2025\/04\/02\/april-4-gabriel-ziegler-qsms-seminar\/\" class=\"more-link\">Continue reading<span class=\"screen-reader-text\"> &#8220;April 4: Gabriel Ziegler (QSMS Seminar)&#8221;<\/span><\/a><\/p>\n\t<\/div>\n\n\t<!--\tThis outputs the post META information -->\n\t<div class=\"entry-utility\">\n\t\t\t\t\t<span class=\"cat-links\">\n\t\t\t\t<span class=\"entry-utility-prep entry-utility-prep-cat-links\">Posted in<\/span> <a href=\"https:\/\/qsms.bme.hu\/index.php\/category\/event\/\" rel=\"category tag\">Event<\/a>, <a href=\"https:\/\/qsms.bme.hu\/index.php\/category\/news\/\" rel=\"category tag\">News<\/a>, <a href=\"https:\/\/qsms.bme.hu\/index.php\/category\/seminar\/\" rel=\"category tag\">Seminar<\/a>\t\t\t<\/span>\n\t\t\t<span class=\"meta-sep\">|<\/span>\n\t\t\t\t\t\t<span class=\"comments-link\">\n\t\t\t<span>Comments Off<span class=\"screen-reader-text\"> on April 4: Gabriel Ziegler (QSMS Seminar)<\/span><\/span>\t\t<\/span>\n\t\t\t<\/div>\n<\/div>\n<!-- \/\/ Post Wrap End -->\n\n","protected":false},"excerpt":{"rendered":"<p>The QSMS Research Group organises research seminars on a regular basis with presentations by top researchers at an international level. The seminars take place at room A406 in Building Q,\u00a0Budapest University of Technology and Economics, Faculty of Economic and Social Sciences, Magyar tud\u00f3sok k\u00f6r\u00fatja 2, 1117 Budapest. At the seminars sandwiches are provided. Please help &hellip; <a href=\"https:\/\/qsms.bme.hu\/index.php\/2025\/04\/02\/april-4-gabriel-ziegler-qsms-seminar\/\" class=\"more-link\">Continue reading<span class=\"screen-reader-text\"> &#8220;April 4: Gabriel Ziegler (QSMS Seminar)&#8221;<\/span><\/a><\/p>\n","protected":false},"author":1,"featured_media":0,"parent":0,"menu_order":0,"comment_status":"closed","ping_status":"closed","template":"","meta":{"footnotes":""},"class_list":["post-12","page","type-page","status-publish","hentry"],"_links":{"self":[{"href":"https:\/\/qsms.bme.hu\/index.php\/wp-json\/wp\/v2\/pages\/12","targetHints":{"allow":["GET"]}}],"collection":[{"href":"https:\/\/qsms.bme.hu\/index.php\/wp-json\/wp\/v2\/pages"}],"about":[{"href":"https:\/\/qsms.bme.hu\/index.php\/wp-json\/wp\/v2\/types\/page"}],"author":[{"embeddable":true,"href":"https:\/\/qsms.bme.hu\/index.php\/wp-json\/wp\/v2\/users\/1"}],"replies":[{"embeddable":true,"href":"https:\/\/qsms.bme.hu\/index.php\/wp-json\/wp\/v2\/comments?post=12"}],"version-history":[{"count":8,"href":"https:\/\/qsms.bme.hu\/index.php\/wp-json\/wp\/v2\/pages\/12\/revisions"}],"predecessor-version":[{"id":264,"href":"https:\/\/qsms.bme.hu\/index.php\/wp-json\/wp\/v2\/pages\/12\/revisions\/264"}],"wp:attachment":[{"href":"https:\/\/qsms.bme.hu\/index.php\/wp-json\/wp\/v2\/media?parent=12"}],"curies":[{"name":"wp","href":"https:\/\/api.w.org\/{rel}","templated":true}]}}