{"id":1044,"date":"2021-02-05T15:49:45","date_gmt":"2021-02-05T15:49:45","guid":{"rendered":"http:\/\/qsms.bme.hu\/?page_id=1044"},"modified":"2021-02-05T15:56:16","modified_gmt":"2021-02-05T15:56:16","slug":"szamado","status":"publish","type":"page","link":"https:\/\/qsms.bme.hu\/index.php\/szamado\/","title":{"rendered":"Szabolcs Sz\u00e1mad\u00f3"},"content":{"rendered":"<p><a href=\"#contact\">Contact<\/a>\u00a0 \u00a0 \u00a0 \u00a0 \u00a0<a href=\"#resint\">Interests<\/a>\u00a0 \u00a0 \u00a0 \u00a0 \u00a0 \u00a0<a href=\"#selpub\">Publications<\/a>\u00a0 \u00a0 \u00a0 \u00a0 \u00a0<a href=\"#wip\">Work in progress<\/a>\u00a0 \u00a0 \u00a0\u00a0<a href=\"#phd\">Ph.D. students<\/a>\u00a0 \u00a0 \u00a0 \u00a0 \u00a0 <a href=\"#respro\">Projects for students<\/a><\/p>\n<p><img loading=\"lazy\" decoding=\"async\" class=\"wp-image-1045  alignleft\" src=\"http:\/\/qsms.bme.hu\/wp-content\/uploads\/2021\/02\/szamado_szabolcs.jpg\" alt=\"Szabolcs Sz\u00e1mad\u00f3\" width=\"330\" height=\"220\" srcset=\"https:\/\/qsms.bme.hu\/wp-content\/uploads\/2021\/02\/szamado_szabolcs.jpg 600w, https:\/\/qsms.bme.hu\/wp-content\/uploads\/2021\/02\/szamado_szabolcs-300x200.jpg 300w\" sizes=\"auto, (max-width: 330px) 85vw, 330px\" \/><\/p>\n<p>\u00a0<\/p>\n\n\n<h5>Research Interests<\/h5>\n\n\n\n<p>Honesty of animal communication; Honesty of human reputation mechanisms; Early evolution of human language<\/p>\n\n\n\n<h5>Selected publications<\/h5>\n\n\n\n<ul class=\"wp-block-list\"><li>Garay J, Csisz\u00e1r V, M\u00f3ri TF, Szil\u00e1gyi A, Varga Z, and Sz\u00e1mad\u00f3 Sz. 2018. Juvenile honest food solicitation and parental investment as a life history strategy: A kin demographic selection model. PLoS ONE 13(3): e0193420. https:\/\/doi.org\/10.1371\/journal.pone.0193420<\/li><li>Sz\u00e1mad\u00f3, Sz. 2015. Attention-Seeking Displays. PLOS One 10(8): e0135379. doi: 10.1371\/journal.pone.0135379 Impact Factor 2015: 3.54.<\/li><li>Sz\u00e1mad\u00f3, Sz., Penn DJ 2015. Why does costly signalling evolve? Challenges with testing the handicap hypothesis. Animal Behaviour 110: 9-12. doi:10.1016\/j.anbehav.2015.06.005 Impact Factor 2015: 3.169.<\/li><li>Sz\u00e1mad\u00f3, Sz. and Penn, D.J. 2018. Does the handicap principle explain the evolution of dimorphic ornaments? Animal Behaviour 138: e7-e10. doi.org\/10.1016\/j.anbehav.2018.01.005 Impact Factor 2.869.<\/li><li>Sz\u00e1mad\u00f3, Sz., Szalai, F. &amp; Scheuring,I. (2016) Deception Undermines the Stability of Cooperation in Games of Indirect Reciprocity. PLOS One doi: 10.1371\/journal.pone.0147623 Impact Factor 2015: 3.54.<\/li><li>Sz\u00e1mad\u00f3, Sz. 2017. When honesty and cheating pay off: the evolution of honest and dishonest equilibria in a conventional signalling game. BMC Evolutonary Biology. doi: https:\/\/doi.org\/10.1186\/s12862-017-1112-y Impact Factor: 3.221<\/li><li>Sz\u00e1mad\u00f3, Sz., Czegel, D., and Zachar, I. 2018. One problem, too many solutions: How costly is honest signalling of need? BiorXiv, doi: https:\/\/doi.org\/10.1101\/240440<\/li><li>Zachar, I., Szil\u00e1gyi, A., Sz\u00e1mad\u00f3, Sz. and Szathm\u00e1ry, E. 2018a. Farming the mitochondrial ancestor as a model of endosymbiotic establishment by natural selection. Proceedings of the National Academy of Sciences of the USA, January 30, 201718707; doi.org\/10.1073\/pnas.1718707115.<\/li><li>Zachar, I., Szil\u00e1gyi, A., Sz\u00e1mad\u00f3, Sz. and Szathm\u00e1ry, E. 2018b. Reply to Garg and Martin: The mechanism works. Proceedings of the National Academy of Sciences of the USA, May 15, 115 (20) E4545-E4546; doi.org\/10.1073\/pnas.1805021115.<\/li><\/ul>\n\n\n\n<p><\/p>\n\n\n\n<p><\/p>\n","protected":false},"excerpt":{"rendered":"<p>Contact\u00a0 \u00a0 \u00a0 \u00a0 \u00a0Interests\u00a0 \u00a0 \u00a0 \u00a0 \u00a0 \u00a0Publications\u00a0 \u00a0 \u00a0 \u00a0 \u00a0Work in progress\u00a0 \u00a0 \u00a0\u00a0Ph.D. students\u00a0 \u00a0 \u00a0 \u00a0 \u00a0 Projects for students \u00a0 Research Interests Honesty of animal communication; Honesty of human reputation mechanisms; Early evolution of human language Selected publications Garay J, Csisz\u00e1r V, M\u00f3ri TF, Szil\u00e1gyi A, Varga Z, &hellip; <a href=\"https:\/\/qsms.bme.hu\/index.php\/szamado\/\" class=\"more-link\">Continue reading<span class=\"screen-reader-text\"> &#8220;Szabolcs Sz\u00e1mad\u00f3&#8221;<\/span><\/a><\/p>\n","protected":false},"author":3,"featured_media":0,"parent":0,"menu_order":0,"comment_status":"closed","ping_status":"closed","template":"","meta":{"footnotes":""},"class_list":["post-1044","page","type-page","status-publish","hentry"],"_links":{"self":[{"href":"https:\/\/qsms.bme.hu\/index.php\/wp-json\/wp\/v2\/pages\/1044","targetHints":{"allow":["GET"]}}],"collection":[{"href":"https:\/\/qsms.bme.hu\/index.php\/wp-json\/wp\/v2\/pages"}],"about":[{"href":"https:\/\/qsms.bme.hu\/index.php\/wp-json\/wp\/v2\/types\/page"}],"author":[{"embeddable":true,"href":"https:\/\/qsms.bme.hu\/index.php\/wp-json\/wp\/v2\/users\/3"}],"replies":[{"embeddable":true,"href":"https:\/\/qsms.bme.hu\/index.php\/wp-json\/wp\/v2\/comments?post=1044"}],"version-history":[{"count":3,"href":"https:\/\/qsms.bme.hu\/index.php\/wp-json\/wp\/v2\/pages\/1044\/revisions"}],"predecessor-version":[{"id":1049,"href":"https:\/\/qsms.bme.hu\/index.php\/wp-json\/wp\/v2\/pages\/1044\/revisions\/1049"}],"wp:attachment":[{"href":"https:\/\/qsms.bme.hu\/index.php\/wp-json\/wp\/v2\/media?parent=1044"}],"curies":[{"name":"wp","href":"https:\/\/api.w.org\/{rel}","templated":true}]}}