{"id":1005,"date":"2020-11-09T14:56:09","date_gmt":"2020-11-09T14:56:09","guid":{"rendered":"http:\/\/qsms.bme.hu\/?page_id=1005"},"modified":"2024-01-12T14:01:44","modified_gmt":"2024-01-12T14:01:44","slug":"sandrini","status":"publish","type":"page","link":"https:\/\/qsms.bme.hu\/index.php\/sandrini\/","title":{"rendered":"Luca Sandrini"},"content":{"rendered":"<p><a href=\"#contact\">Contact<\/a>\u00a0 \u00a0 \u00a0 \u00a0 \u00a0<a href=\"#resint\">Interests<\/a>\u00a0 \u00a0 \u00a0 \u00a0 \u00a0 \u00a0<a href=\"#wip\">Work in progress<\/a><\/p>\n<p><a href=\"http:\/\/qsms.bme.hu\/?attachment_id=1006\"><img loading=\"lazy\" decoding=\"async\" class=\"wp-image-1006  alignleft\" src=\"http:\/\/qsms.bme.hu\/wp-content\/uploads\/2020\/11\/Luca-Sandrini-279x300.jpg\" alt=\"\" width=\"281\" height=\"302\" srcset=\"https:\/\/qsms.bme.hu\/wp-content\/uploads\/2020\/11\/Luca-Sandrini-279x300.jpg 279w, https:\/\/qsms.bme.hu\/wp-content\/uploads\/2020\/11\/Luca-Sandrini-952x1024.jpg 952w, https:\/\/qsms.bme.hu\/wp-content\/uploads\/2020\/11\/Luca-Sandrini-768x826.jpg 768w, https:\/\/qsms.bme.hu\/wp-content\/uploads\/2020\/11\/Luca-Sandrini.jpg 1058w\" sizes=\"auto, (max-width: 281px) 85vw, 281px\" \/><\/a>Luca Sandrini is a Postdoctoral Researcher at the &#8220;Digital Economy&#8221; Research Unit of the ZEW &#8211; Leibniz Centre for European Economic Research, Mannheim (DE), and a research affiliate at the QSMS Research Group at Budapest University of Technology and Economics.<\/p>\n<p>He completed his Ph.D. in Economics and Management at the University of Padova in 2020.<\/p>\n<p>His research interests are Economics of Innovation, Industrial Organization, and Digital Economics.<\/p>\n<p>&gt;&gt;&gt;<a href=\"https:\/\/drive.google.com\/file\/d\/1q0ljGbfz6Kbyw4I3c2yUtlm1GE258Br1\/view\">download_CV<\/a><\/p>\n<p><a href=\"https:\/\/sites.google.com\/view\/lucasandriniphd\/home\"><img loading=\"lazy\" decoding=\"async\" class=\"wp-image-198 alignleft\" src=\"https:\/\/qsms.bme.hu\/wp-content\/uploads\/2018\/10\/globe-300x300.png\" alt=\"\" width=\"25\" height=\"25\" srcset=\"https:\/\/qsms.bme.hu\/wp-content\/uploads\/2018\/10\/globe-300x300.png 300w, https:\/\/qsms.bme.hu\/wp-content\/uploads\/2018\/10\/globe-150x150.png 150w, https:\/\/qsms.bme.hu\/wp-content\/uploads\/2018\/10\/globe.png 768w\" sizes=\"auto, (max-width: 25px) 85vw, 25px\" \/><\/a><a href=\"https:\/\/orcid.org\/0000-0002-3974-5013\" rel=\"attachment wp-att-151\"><img loading=\"lazy\" decoding=\"async\" class=\"alignleft wp-image-151 size-thumbnail\" src=\"http:\/\/qsms.bme.hu\/wp-content\/uploads\/2018\/10\/orcid-150x150.png\" alt=\"\" width=\"25\" height=\"25\" srcset=\"https:\/\/qsms.bme.hu\/wp-content\/uploads\/2018\/10\/orcid-150x150.png 150w, https:\/\/qsms.bme.hu\/wp-content\/uploads\/2018\/10\/orcid.png 225w\" sizes=\"auto, (max-width: 25px) 85vw, 25px\" \/><\/a><a href=\"http:\/\/&lt;a rel=&quot;me&quot; href=&quot;https:\/\/econtwitter.net\/@salas8&quot;&gt;Mastodon&lt;\/a&gt;\" data-wplink-url-error=\"true\"><img loading=\"lazy\" decoding=\"async\" class=\"alignleft\" src=\"http:\/\/qsms.bme.hu\/wp-content\/uploads\/2018\/10\/twitter-300x300.png\" alt=\"\" width=\"25\" height=\"25\" \/><\/a>Mastodon<\/p>\n<h5 id=\"contact\">QSMS Contact details<\/h5>\n<p>QA325, Faculty of Economic and Social Sciences, Budapest University of Technology and Economics, Magyar tud\u00f3sok k\u00f6r\u00fatja 2, H-1117 Budapest. <a href=\"mailto:Sandrini.luca@gtk.bme.hu\">Sandrini.luca@gtk.bme.hu<\/a><\/p>\n\n\n<a rel=\"me\" href=\"https:\/\/econtwitter.net\/@salas8\">Mastodon<\/a>\n\n\n\n<h5 class=\"wp-block-heading\" id=\"resint\">Research Projects<\/h5>\n\n\n\n<p><strong>iCrowd: innovation, digital workforce and intellectual property rights<br><\/strong>Funded by the Hungarian Scientific Research Program (OTKA) &#8211;\u00a0 Postdoctoral Excellence Program 2021 under grand [ID 138543].<\/p>\n\n\n\n<h5 class=\"wp-block-heading\" id=\"resint\">Research interests<\/h5>\n\n\n\n<p>Applied Theory &#8211; Industrial Organisation; Economics of Innovation; Patents and Licensing; Digital Economics<\/p>\n\n\n\n<p><strong>Publications<\/strong><\/p>\n\n\n\n<p>Sandrini, L. (2023), <a href=\"https:\/\/qsms.bme.hu\/wp-content\/uploads\/2023\/01\/QSMS_DP_23_002_Sandrini.pdf\">Price versus Market Share with Royalty Licensing: Incomplete Adoption of a Superior Technology with Heterogeneous Firms<\/a>, <em>Review of Industrial Organization<\/em><br><em>DOI<\/em>: <a href=\"https:\/\/doi.org\/10.1007\/s11151-023-09935-9\" target=\"_blank\" rel=\"noreferrer noopener\"><em>https:\/\/doi.org\/10.1007\/s11151-023-09935-9<\/em><\/a><\/p>\n\n\n\n<p>Sandrini L. and Somogyi R. (2023), Generative AI and Deceptive News Consumption, <em>Economics Letters<\/em>, 232: 1-4.<br>DOI: <em><a href=\"https:\/\/doi.org\/10.1016\/j.econlet.2023.111317\">https:\/\/doi.org\/10.1016\/j.econlet.2023.111317<\/a><\/em><\/p>\n\n\n\n<p>Sandrini, L. (2022), <a href=\"https:\/\/drive.google.com\/file\/d\/19H9UwDMY0HGRIcWg9RmkUhRzz8hz_H3u\/view?usp=sharing\" target=\"_blank\" rel=\"noreferrer noopener\">Innovation, competition, and incomplete adoption of a superior technology<\/a>, <em>Economics of Innovation and New Technology<\/em>, <em>32(6): 783-803<\/em><br><em>DOI: <\/em><a href=\"https:\/\/www.tandfonline.com\/eprint\/FJEIQACVHHDAF8CPKKTX\/full?target=10.1080\/10438599.2021.2024432\"><em>10.1080\/10438599.2021.2024432<\/em><\/a><\/p>\n\n\n\n<p>Sandrini, L. (2021), Incentives for labor-augmenting innovation in vertical markets: the role of wage rate, <em>International Journal of Industrial Organization, 75.<\/em><br><em>DOI: <\/em><a rel=\"noreferrer noopener\" href=\"https:\/\/www.google.com\/url?q=https%3A%2F%2Fdoi.org%2F10.1016%2Fj.ijindorg.2021.102715&amp;sa=D&amp;sntz=1&amp;usg=AFQjCNGdQcCu8jhOGuEPMMCWZuoWdAcRow\" target=\"_blank\"><em>https:\/\/doi.org\/10.1016\/j.ijindorg.2021.102715<\/em><\/a><\/p>\n\n\n\n<p><strong>Working papers<\/strong><\/p>\n\n\n\n<p>Sandrini, L., and Somogyi, R. (2022), <a href=\"https:\/\/ideas.repec.org\/p\/net\/wpaper\/2206.html\">News Media Bargaining Codes<\/a>, Working Papers 22-06, NET Institute.<\/p>\n\n\n\n<p>Manenti, F.M. and Sandrini, L. (2023), <a href=\"https:\/\/qsms.bme.hu\/wp-content\/uploads\/2023\/01\/QSMS_DP_23_001_Manenti_Sandrini.pdf\">Patents with simultaneous innovations: The non-obviousness requirement and the direction of innovation<\/a>, QSMS Discussion Papers DP-23-003.<\/p>\n\n\n\n<p>Delbono, F., Reggiani, C. and Sandrini, L. (2023), <a href=\"http:\/\/ssrn.com\/abstract=4046961\">Strategic data sales with partial segment profiling<\/a>, JRC Working Papers on Digital Economy 2021-05 <br>(under review)<\/p>\n\n\n\n<p>Navarra, F., Pino, F., and Sandrini, L. (2023), <a href=\"https:\/\/papers.ssrn.com\/sol3\/papers.cfm?abstract_id=4390587\">Mandated data sharing in hybrid marketplaces<\/a>. Available at SSRN.<\/p>\n\n\n\n<p>Gambato, J. and Sandrini, L. (2023), <a href=\"https:\/\/ftp.zew.de\/pub\/zew-docs\/dp\/dp23032.pdf\">Not as good as it used to be: Do streaming platforms penalize quality?<\/a>, ZEW Discussion Paper No. 23-032.<\/p>\n\n\n\n<p><strong>Work in progress<\/strong><\/p>\n\n\n\n<p>Sandrini, L. (in progress), It&#8217;s all takin&#8217; and no givin&#8217;. Protecting secrets with organizational innovations<\/p>\n","protected":false},"excerpt":{"rendered":"<p>Contact\u00a0 \u00a0 \u00a0 \u00a0 \u00a0Interests\u00a0 \u00a0 \u00a0 \u00a0 \u00a0 \u00a0Work in progress Luca Sandrini is a Postdoctoral Researcher at the &#8220;Digital Economy&#8221; Research Unit of the ZEW &#8211; Leibniz Centre for European Economic Research, Mannheim (DE), and a research affiliate at the QSMS Research Group at Budapest University of Technology and Economics. He completed his &hellip; <a href=\"https:\/\/qsms.bme.hu\/index.php\/sandrini\/\" class=\"more-link\">Continue reading<span class=\"screen-reader-text\"> &#8220;Luca Sandrini&#8221;<\/span><\/a><\/p>\n","protected":false},"author":2,"featured_media":0,"parent":0,"menu_order":0,"comment_status":"closed","ping_status":"closed","template":"","meta":{"footnotes":""},"class_list":["post-1005","page","type-page","status-publish","hentry"],"_links":{"self":[{"href":"https:\/\/qsms.bme.hu\/index.php\/wp-json\/wp\/v2\/pages\/1005","targetHints":{"allow":["GET"]}}],"collection":[{"href":"https:\/\/qsms.bme.hu\/index.php\/wp-json\/wp\/v2\/pages"}],"about":[{"href":"https:\/\/qsms.bme.hu\/index.php\/wp-json\/wp\/v2\/types\/page"}],"author":[{"embeddable":true,"href":"https:\/\/qsms.bme.hu\/index.php\/wp-json\/wp\/v2\/users\/2"}],"replies":[{"embeddable":true,"href":"https:\/\/qsms.bme.hu\/index.php\/wp-json\/wp\/v2\/comments?post=1005"}],"version-history":[{"count":28,"href":"https:\/\/qsms.bme.hu\/index.php\/wp-json\/wp\/v2\/pages\/1005\/revisions"}],"predecessor-version":[{"id":1706,"href":"https:\/\/qsms.bme.hu\/index.php\/wp-json\/wp\/v2\/pages\/1005\/revisions\/1706"}],"wp:attachment":[{"href":"https:\/\/qsms.bme.hu\/index.php\/wp-json\/wp\/v2\/media?parent=1005"}],"curies":[{"name":"wp","href":"https:\/\/api.w.org\/{rel}","templated":true}]}}